{"id":3291,"date":"2023-01-23T09:59:54","date_gmt":"2023-01-23T09:59:54","guid":{"rendered":"http:\/\/sensormaritime.com\/?page_id=3291"},"modified":"2024-11-21T13:04:07","modified_gmt":"2024-11-21T13:04:07","slug":"smart-ship","status":"publish","type":"page","link":"http:\/\/sensormaritime.com\/de\/smart-ship\/","title":{"rendered":"Smart ship"},"content":{"rendered":"<div data-elementor-type=\"wp-page\" data-elementor-id=\"3291\" class=\"elementor elementor-3291\" data-elementor-post-type=\"page\">\n\t\t\t\t\t\t<section class=\"elementor-section elementor-top-section elementor-element elementor-element-e5cd058 elementor-section-height-min-height elementor-section-full_width elementor-section-height-default elementor-section-items-middle\" data-id=\"e5cd058\" data-element_type=\"section\" data-settings=\"{&quot;background_background&quot;:&quot;gradient&quot;,&quot;shape_divider_bottom&quot;:&quot;mountains&quot;,&quot;jet_parallax_layout_list&quot;:[]}\">\n\t\t\t\t\t\t\t<div class=\"elementor-background-overlay\"><\/div>\n\t\t\t\t\t\t<div class=\"elementor-shape elementor-shape-bottom\" data-negative=\"false\">\n\t\t\t<svg xmlns=\"http:\/\/www.w3.org\/2000\/svg\" viewbox=\"0 0 1000 100\" preserveaspectratio=\"none\">\n\t<path class=\"elementor-shape-fill\" opacity=\"0.33\" d=\"M473,67.3c-203.9,88.3-263.1-34-320.3,0C66,119.1,0,59.7,0,59.7V0h1000v59.7 c0,0-62.1,26.1-94.9,29.3c-32.8,3.3-62.8-12.3-75.8-22.1C806,49.6,745.3,8.7,694.9,4.7S492.4,59,473,67.3z\"\/>\n\t<path class=\"elementor-shape-fill\" opacity=\"0.66\" d=\"M734,67.3c-45.5,0-77.2-23.2-129.1-39.1c-28.6-8.7-150.3-10.1-254,39.1 s-91.7-34.4-149.2,0C115.7,118.3,0,39.8,0,39.8V0h1000v36.5c0,0-28.2-18.5-92.1-18.5C810.2,18.1,775.7,67.3,734,67.3z\"\/>\n\t<path class=\"elementor-shape-fill\" d=\"M766.1,28.9c-200-57.5-266,65.5-395.1,19.5C242,1.8,242,5.4,184.8,20.6C128,35.8,132.3,44.9,89.9,52.5C28.6,63.7,0,0,0,0 h1000c0,0-9.9,40.9-83.6,48.1S829.6,47,766.1,28.9z\"\/>\n<\/svg>\t\t<\/div>\n\t\t\t\t\t<div class=\"elementor-container elementor-column-gap-default\">\n\t\t\t\t\t<div class=\"elementor-column elementor-col-25 elementor-top-column elementor-element elementor-element-9b18fac\" data-id=\"9b18fac\" data-element_type=\"column\">\n\t\t\t<div class=\"elementor-widget-wrap\">\n\t\t\t\t\t\t\t<\/div>\n\t\t<\/div>\n\t\t\t\t<div class=\"elementor-column elementor-col-50 elementor-top-column elementor-element elementor-element-accfdfa\" data-id=\"accfdfa\" data-element_type=\"column\">\n\t\t\t<div class=\"elementor-widget-wrap elementor-element-populated\">\n\t\t\t\t\t\t<div class=\"elementor-element elementor-element-721d208 elementor-widget elementor-widget-heading\" data-id=\"721d208\" data-element_type=\"widget\" data-widget_type=\"heading.default\">\n\t\t\t\t<div class=\"elementor-widget-container\">\n\t\t\t\t\t<h1 class=\"elementor-heading-title elementor-size-default\">Smart Ship<\/h1>\t\t\t\t<\/div>\n\t\t\t\t<\/div>\n\t\t\t\t\t<\/div>\n\t\t<\/div>\n\t\t\t\t<div class=\"elementor-column elementor-col-25 elementor-top-column elementor-element elementor-element-e45a03c\" data-id=\"e45a03c\" data-element_type=\"column\">\n\t\t\t<div class=\"elementor-widget-wrap\">\n\t\t\t\t\t\t\t<\/div>\n\t\t<\/div>\n\t\t\t\t\t<\/div>\n\t\t<\/section>\n\t\t\t\t<section class=\"elementor-section elementor-top-section elementor-element elementor-element-14ba320 elementor-section-content-middle elementor-section-boxed elementor-section-height-default elementor-section-height-default\" data-id=\"14ba320\" data-element_type=\"section\" data-settings=\"{&quot;background_background&quot;:&quot;classic&quot;,&quot;jet_parallax_layout_list&quot;:[]}\">\n\t\t\t\t\t\t\t<div class=\"elementor-background-overlay\"><\/div>\n\t\t\t\t\t\t\t<div class=\"elementor-container elementor-column-gap-default\">\n\t\t\t\t\t<div class=\"elementor-column elementor-col-100 elementor-top-column elementor-element elementor-element-0a7135d\" data-id=\"0a7135d\" data-element_type=\"column\">\n\t\t\t<div class=\"elementor-widget-wrap elementor-element-populated\">\n\t\t\t\t\t\t<div class=\"elementor-element elementor-element-5a964e8 elementor-widget elementor-widget-heading\" data-id=\"5a964e8\" data-element_type=\"widget\" data-widget_type=\"heading.default\">\n\t\t\t\t<div class=\"elementor-widget-container\">\n\t\t\t\t\t<h2 class=\"elementor-heading-title elementor-size-default\">Smart Ship Technologie<\/h2>\t\t\t\t<\/div>\n\t\t\t\t<\/div>\n\t\t\t\t<div class=\"elementor-element elementor-element-9af6fd9 elementor-widget elementor-widget-text-editor\" data-id=\"9af6fd9\" data-element_type=\"widget\" data-widget_type=\"text-editor.default\">\n\t\t\t\t<div class=\"elementor-widget-container\">\n\t\t\t\t\t\t\t\t\t<p>Ein Smart Ship ist ein Schiffstyp, der sich bei der Steuerung des Betriebs stark auf fortschrittliche Technologien wie das Internet of Things (IoT), k\u00fcnstliche Intelligenz und Automatisierung st\u00fctzt. Das Konzept der Smart Ship gewinnt heute aufgrund seines Potenzials zur Verbesserung der Effizienz (Entwicklung autonomer Schiffe) und der Sicherheit in der maritimen Industrie an Zugkraft.<\/p>\t\t\t\t\t\t\t\t<\/div>\n\t\t\t\t<\/div>\n\t\t\t\t<div class=\"elementor-element elementor-element-9eb2a6b elementor-widget elementor-widget-text-editor\" data-id=\"9eb2a6b\" data-element_type=\"widget\" data-widget_type=\"text-editor.default\">\n\t\t\t\t<div class=\"elementor-widget-container\">\n\t\t\t\t\t\t\t\t\t<p>Der Zweck intelligenter Schiffstechnologien besteht darin, die Leistung der Besatzung zu verbessern und die mit herk\u00f6mmlichen Methoden verbundenen Risiken zu verringern, was durch den Einsatz von im gesamten Schiff installierten Sensoren erreicht wird. Diese Sensoren erm\u00f6glichen eine datengesteuerte Entscheidungsfindung, die Prozesse von der Navigation bis zum Energiemanagement optimiert. Die Betreiber k\u00f6nnen auf Echtzeitinformationen \u00fcber ihre Schiffe zugreifen und schnell und pr\u00e4zise fundierte Entscheidungen treffen. Durch die Automatisierung bestimmter manueller Aufgaben kann sich die Besatzung mehr auf das konzentrieren, was am wichtigsten ist: den sicheren Betrieb ihres Schiffes.<\/p>\t\t\t\t\t\t\t\t<\/div>\n\t\t\t\t<\/div>\n\t\t\t\t\t<\/div>\n\t\t<\/div>\n\t\t\t\t\t<\/div>\n\t\t<\/section>\n\t\t\t\t<section class=\"elementor-section elementor-top-section elementor-element elementor-element-415d001 elementor-section-boxed elementor-section-height-default elementor-section-height-default\" data-id=\"415d001\" data-element_type=\"section\" data-settings=\"{&quot;jet_parallax_layout_list&quot;:[]}\">\n\t\t\t\t\t\t<div class=\"elementor-container elementor-column-gap-default\">\n\t\t\t\t\t<div class=\"elementor-column elementor-col-100 elementor-top-column elementor-element elementor-element-90a70f8\" data-id=\"90a70f8\" data-element_type=\"column\">\n\t\t\t<div class=\"elementor-widget-wrap elementor-element-populated\">\n\t\t\t\t\t\t<div class=\"elementor-element elementor-element-354ea1c elementor-widget elementor-widget-heading\" data-id=\"354ea1c\" data-element_type=\"widget\" data-widget_type=\"heading.default\">\n\t\t\t\t<div class=\"elementor-widget-container\">\n\t\t\t\t\t<h2 class=\"elementor-heading-title elementor-size-default\">Unsere Smart-Ship L\u00f6sungen<\/h2>\t\t\t\t<\/div>\n\t\t\t\t<\/div>\n\t\t\t\t<div class=\"elementor-element elementor-element-9fd40a7 elementor-widget elementor-widget-text-editor\" data-id=\"9fd40a7\" data-element_type=\"widget\" data-widget_type=\"text-editor.default\">\n\t\t\t\t<div class=\"elementor-widget-container\">\n\t\t\t\t\t\t\t\t\t<p>Sensor Maritime tr\u00e4gt zum Konzept des Smart Ship bei, indem es neue Technologien in Form hochwertiger, innovativer Sensorl\u00f6sungen entwickelt. Unsere 3 Hauptl\u00f6sungen, die in den letzten Jahren entwickelt wurden, sind Bridgescout\u00ae, Height Control und Satellite:<\/p>\t\t\t\t\t\t\t\t<\/div>\n\t\t\t\t<\/div>\n\t\t\t\t\t<\/div>\n\t\t<\/div>\n\t\t\t\t\t<\/div>\n\t\t<\/section>\n\t\t\t\t<section class=\"elementor-section elementor-top-section elementor-element elementor-element-894e394 elementor-section-boxed elementor-section-height-default elementor-section-height-default\" data-id=\"894e394\" data-element_type=\"section\" data-settings=\"{&quot;jet_parallax_layout_list&quot;:[]}\">\n\t\t\t\t\t\t<div class=\"elementor-container elementor-column-gap-default\">\n\t\t\t\t\t<div class=\"elementor-column elementor-col-100 elementor-top-column elementor-element elementor-element-e0dd6fb\" data-id=\"e0dd6fb\" data-element_type=\"column\">\n\t\t\t<div class=\"elementor-widget-wrap elementor-element-populated\">\n\t\t\t\t\t\t<div class=\"elementor-element elementor-element-2362e29 elementor-product-loop-item--align-center elementor-grid-4 elementor-grid-tablet-3 elementor-grid-mobile-2 elementor-products-grid elementor-wc-products elementor-widget elementor-widget-woocommerce-products\" data-id=\"2362e29\" data-element_type=\"widget\" data-widget_type=\"woocommerce-products.default\">\n\t\t\t\t<div class=\"elementor-widget-container\">\n\t\t\t\t\t<div class=\"woocommerce columns-4\"><ul class=\"products elementor-grid columns-4\">\n<li class=\"desktop-align-center tablet-align-center mobile-align-center ast-product-gallery-layout-horizontal ast-product-gallery-with-no-image ast-product-single-variable ast-product-tabs-layout-horizontal product type-product post-2851 status-publish first instock product_cat-sensor-maritime has-post-thumbnail taxable shipping-taxable product-type-variable\">\n\t<a href=\"http:\/\/sensormaritime.com\/de\/produkt\/height-control\/\" class=\"woocommerce-LoopProduct-link woocommerce-loop-product__link\"><img fetchpriority=\"high\" decoding=\"async\" width=\"300\" height=\"300\" src=\"http:\/\/sensormaritime.com\/wp-content\/uploads\/2021\/08\/heightcontrol-300x300.png\" class=\"attachment-woocommerce_thumbnail size-woocommerce_thumbnail\" alt=\"\" srcset=\"http:\/\/sensormaritime.com\/wp-content\/uploads\/2021\/08\/heightcontrol.png 300w, http:\/\/sensormaritime.com\/wp-content\/uploads\/2021\/08\/heightcontrol-150x150.png 150w, http:\/\/sensormaritime.com\/wp-content\/uploads\/2021\/08\/heightcontrol-12x12.png 12w, http:\/\/sensormaritime.com\/wp-content\/uploads\/2021\/08\/heightcontrol-100x100.png 100w\" sizes=\"(max-width: 300px) 100vw, 300px\" \/><h2 class=\"woocommerce-loop-product__title\">Height Control<\/h2><div class=\"review-rating\"><div class=\"star-rating\"><span style=\"width:0%\" data-no-translation=\"\" data-trp-gettext=\"\">Bewertet mit <strong class=\"rating\">0<\/strong> von 5<\/span><\/div><\/div>\n\t<span class=\"price\"><span class=\"woocommerce-Price-amount amount\">AUF ANFRAGE<\/span><\/span>\n<\/a><\/li>\n<li class=\"desktop-align-center tablet-align-center mobile-align-center ast-product-gallery-layout-horizontal ast-product-gallery-with-no-image ast-product-tabs-layout-horizontal product type-product post-2024 status-publish instock product_cat-sensor-maritime has-post-thumbnail taxable shipping-taxable product-type-simple\">\n\t<a href=\"http:\/\/sensormaritime.com\/de\/produkt\/satellite\/\" class=\"woocommerce-LoopProduct-link woocommerce-loop-product__link\"><img decoding=\"async\" width=\"300\" height=\"300\" src=\"http:\/\/sensormaritime.com\/wp-content\/uploads\/2021\/01\/satellite-featured-300x300.png\" class=\"attachment-woocommerce_thumbnail size-woocommerce_thumbnail\" alt=\"\" srcset=\"http:\/\/sensormaritime.com\/wp-content\/uploads\/2021\/01\/satellite-featured-300x300.png 300w, http:\/\/sensormaritime.com\/wp-content\/uploads\/2021\/01\/satellite-featured-150x150.png 150w, http:\/\/sensormaritime.com\/wp-content\/uploads\/2021\/01\/satellite-featured-12x12.png 12w, http:\/\/sensormaritime.com\/wp-content\/uploads\/2021\/01\/satellite-featured-100x100.png 100w, http:\/\/sensormaritime.com\/wp-content\/uploads\/2021\/01\/satellite-featured.png 500w\" sizes=\"(max-width: 300px) 100vw, 300px\" \/><h2 class=\"woocommerce-loop-product__title\">Satellite<\/h2><div class=\"review-rating\"><div class=\"star-rating\"><span style=\"width:0%\" data-no-translation=\"\" data-trp-gettext=\"\">Bewertet mit <strong class=\"rating\">0<\/strong> von 5<\/span><\/div><\/div>\n\t<span class=\"price\"><span class=\"woocommerce-Price-amount amount\">AUF ANFRAGE<\/span><\/span>\n<\/a><\/li>\n<\/ul>\n<\/div>\t\t\t\t<\/div>\n\t\t\t\t<\/div>\n\t\t\t\t\t<\/div>\n\t\t<\/div>\n\t\t\t\t\t<\/div>\n\t\t<\/section>\n\t\t\t\t<section class=\"elementor-section elementor-top-section elementor-element elementor-element-a19e0a8 elementor-section-boxed elementor-section-height-default elementor-section-height-default\" data-id=\"a19e0a8\" data-element_type=\"section\" data-settings=\"{&quot;jet_parallax_layout_list&quot;:[]}\">\n\t\t\t\t\t\t<div class=\"elementor-container elementor-column-gap-default\">\n\t\t\t\t\t<div class=\"elementor-column elementor-col-100 elementor-top-column elementor-element elementor-element-9d9345f\" data-id=\"9d9345f\" data-element_type=\"column\">\n\t\t\t<div class=\"elementor-widget-wrap elementor-element-populated\">\n\t\t\t\t\t\t<div class=\"elementor-element elementor-element-48fec8e elementor-widget elementor-widget-text-editor\" data-id=\"48fec8e\" data-element_type=\"widget\" data-widget_type=\"text-editor.default\">\n\t\t\t\t<div class=\"elementor-widget-container\">\n\t\t\t\t\t\t\t\t\t<p>Um Anreize f\u00fcr die Einf\u00fchrung intelligenter Schifffahrtstechnologien zu schaffen, bietet die Regierung Subventionen f\u00fcr Sicherheitsausr\u00fcstung wie Br\u00fcckenh\u00f6henerkennungssysteme an, um den Kapit\u00e4n bei der Entscheidung zu unterst\u00fctzen, ob das Steuerhaus niedrig genug ist, um ein Objekt sicher zu passieren, w\u00e4hrend er in eingeschr\u00e4nkten Gew\u00e4ssern navigiert. Im Laufe der Zeit haben wir ein gro\u00dfes Netzwerk aufgebaut und k\u00f6nnen Ihnen helfen, an die erforderlichen F\u00f6rdermittel zu gelangen.<\/p>\t\t\t\t\t\t\t\t<\/div>\n\t\t\t\t<\/div>\n\t\t\t\t\t<\/div>\n\t\t<\/div>\n\t\t\t\t\t<\/div>\n\t\t<\/section>\n\t\t\t\t<section class=\"elementor-section elementor-top-section elementor-element elementor-element-394d7e8 elementor-section-boxed elementor-section-height-default elementor-section-height-default\" data-id=\"394d7e8\" data-element_type=\"section\" data-settings=\"{&quot;jet_parallax_layout_list&quot;:[]}\">\n\t\t\t\t\t\t<div class=\"elementor-container elementor-column-gap-default\">\n\t\t\t\t\t<div class=\"elementor-column elementor-col-100 elementor-top-column elementor-element elementor-element-6c15e0c\" data-id=\"6c15e0c\" data-element_type=\"column\">\n\t\t\t<div class=\"elementor-widget-wrap elementor-element-populated\">\n\t\t\t\t\t\t<div class=\"elementor-element elementor-element-88baa7b elementor-widget elementor-widget-heading\" data-id=\"88baa7b\" data-element_type=\"widget\" data-widget_type=\"heading.default\">\n\t\t\t\t<div class=\"elementor-widget-container\">\n\t\t\t\t\t<h3 class=\"elementor-heading-title elementor-size-default\">Smart Ship Partner<\/h3>\t\t\t\t<\/div>\n\t\t\t\t<\/div>\n\t\t\t\t<div class=\"elementor-element elementor-element-b203e0a elementor-widget elementor-widget-text-editor\" data-id=\"b203e0a\" data-element_type=\"widget\" data-widget_type=\"text-editor.default\">\n\t\t\t\t<div class=\"elementor-widget-container\">\n\t\t\t\t\t\t\t\t\t<p>Da sich Smart Ship Technologien weiterentwickeln, ist ihr Potenzial zur Umgestaltung des Schiffsbetriebs immens. Mit der Weiterentwicklung autonomer Schiffe k\u00f6nnten Smart Ship Teil eines gr\u00f6\u00dferen intelligenten maritimen Netzwerks werden, das H\u00e4fen und andere Einheiten auf der ganzen Welt verbindet; Dies erm\u00f6glicht eine st\u00e4rkere Zusammenarbeit und Koordination zwischen Betreibern und Regulierungsbeh\u00f6rden. Letztendlich werden smart ship technologien den Betrieb und das Management von schiffen revolutionieren und die Branche sicherer und effizienter als je zuvor machen.<\/p><p>Sensor Maritime ist ein zuverl\u00e4ssiger Partner f\u00fcr viele Reedereien. Mit unseren Wurzeln in der Industrie streben wir ein industrielles Ma\u00df an Zuverl\u00e4ssigkeit, Langlebigkeit und Robustheit an. Durch die enge Zusammenarbeit mit unseren Kunden und Partnern streben wir eine langfristige Wertsch\u00f6pfung an. Unsere Organisation zeichnet sich durch eine Probleml\u00f6sungshaltung, langfristige Zusammenarbeit und ein Team von jungen Fachleuten aus, die es wagen, bestehende Praktiken zu hinterfragen und sich nicht durch diese einschr\u00e4nken zu lassen.<\/p>\t\t\t\t\t\t\t\t<\/div>\n\t\t\t\t<\/div>\n\t\t\t\t\t<\/div>\n\t\t<\/div>\n\t\t\t\t\t<\/div>\n\t\t<\/section>\n\t\t\t\t<\/div>","protected":false},"excerpt":{"rendered":"<p>Smart Ship Smart Ship Technology A smart ship is a type of marine vessel that relies heavily on advanced technologies such as Internet of Things (IoT), artificial intelligence and automation to manage operations. The smart ship concept is gaining traction today due to its potential for improved efficiency (development of autonomous ships) and safety in [&hellip;]<\/p>","protected":false},"author":3,"featured_media":0,"parent":0,"menu_order":0,"comment_status":"closed","ping_status":"closed","template":"elementor_header_footer","meta":{"_acf_changed":false,"site-sidebar-layout":"no-sidebar","site-content-layout":"page-builder","ast-site-content-layout":"","site-content-style":"default","site-sidebar-style":"default","ast-global-header-display":"","ast-banner-title-visibility":"","ast-main-header-display":"","ast-hfb-above-header-display":"","ast-hfb-below-header-display":"","ast-hfb-mobile-header-display":"","site-post-title":"disabled","ast-breadcrumbs-content":"","ast-featured-img":"disabled","footer-sml-layout":"","theme-transparent-header-meta":"","adv-header-id-meta":"","stick-header-meta":"","header-above-stick-meta":"","header-main-stick-meta":"","header-below-stick-meta":"","astra-migrate-meta-layouts":"default","ast-page-background-enabled":"default","ast-page-background-meta":{"desktop":{"background-color":"","background-image":"","background-repeat":"repeat","background-position":"center center","background-size":"auto","background-attachment":"scroll","background-type":"","background-media":"","overlay-type":"","overlay-color":"","overlay-opacity":"","overlay-gradient":""},"tablet":{"background-color":"","background-image":"","background-repeat":"repeat","background-position":"center center","background-size":"auto","background-attachment":"scroll","background-type":"","background-media":"","overlay-type":"","overlay-color":"","overlay-opacity":"","overlay-gradient":""},"mobile":{"background-color":"","background-image":"","background-repeat":"repeat","background-position":"center center","background-size":"auto","background-attachment":"scroll","background-type":"","background-media":"","overlay-type":"","overlay-color":"","overlay-opacity":"","overlay-gradient":""}},"ast-content-background-meta":{"desktop":{"background-color":"var(--ast-global-color-5)","background-image":"","background-repeat":"repeat","background-position":"center center","background-size":"auto","background-attachment":"scroll","background-type":"","background-media":"","overlay-type":"","overlay-color":"","overlay-opacity":"","overlay-gradient":""},"tablet":{"background-color":"var(--ast-global-color-5)","background-image":"","background-repeat":"repeat","background-position":"center center","background-size":"auto","background-attachment":"scroll","background-type":"","background-media":"","overlay-type":"","overlay-color":"","overlay-opacity":"","overlay-gradient":""},"mobile":{"background-color":"var(--ast-global-color-5)","background-image":"","background-repeat":"repeat","background-position":"center center","background-size":"auto","background-attachment":"scroll","background-type":"","background-media":"","overlay-type":"","overlay-color":"","overlay-opacity":"","overlay-gradient":""}},"footnotes":""},"class_list":["post-3291","page","type-page","status-publish","hentry"],"acf":[],"yoast_head":"<!-- This site is optimized with the Yoast SEO plugin v24.1 - https:\/\/yoast.com\/wordpress\/plugins\/seo\/ -->\n<title>Smart ship - Sensor Maritime<\/title>\n<meta name=\"description\" content=\"The smart ship concept is gaining traction due to its potential for efficiency (autonomous ships) and safety in the maritime industry\" \/>\n<meta name=\"robots\" content=\"index, follow, max-snippet:-1, max-image-preview:large, max-video-preview:-1\" \/>\n<link rel=\"canonical\" href=\"https:\/\/sensormaritime.com\/de\/smart-ship\/\" \/>\n<meta property=\"og:locale\" content=\"de_DE\" \/>\n<meta property=\"og:type\" content=\"article\" \/>\n<meta property=\"og:title\" content=\"Smart ship - Sensor Maritime\" \/>\n<meta property=\"og:description\" content=\"The smart ship concept is gaining traction due to its potential for efficiency (autonomous ships) and safety in the maritime industry\" \/>\n<meta property=\"og:url\" content=\"https:\/\/sensormaritime.com\/de\/smart-ship\/\" \/>\n<meta property=\"og:site_name\" content=\"Sensor Maritime\" \/>\n<meta property=\"article:modified_time\" content=\"2024-11-21T13:04:07+00:00\" \/>\n<meta name=\"twitter:card\" content=\"summary_large_image\" \/>\n<meta name=\"twitter:label1\" content=\"Gesch\u00e4tzte Lesezeit\" \/>\n\t<meta name=\"twitter:data1\" content=\"3\u00a0Minuten\" \/>\n<script type=\"application\/ld+json\" class=\"yoast-schema-graph\">{\"@context\":\"https:\/\/schema.org\",\"@graph\":[{\"@type\":\"WebPage\",\"@id\":\"https:\/\/sensormaritime.com\/de\/smart-ship\/\",\"url\":\"https:\/\/sensormaritime.com\/de\/smart-ship\/\",\"name\":\"Smart ship - Sensor Maritime\",\"isPartOf\":{\"@id\":\"http:\/\/sensormaritime.com\/#website\"},\"datePublished\":\"2023-01-23T09:59:54+00:00\",\"dateModified\":\"2024-11-21T13:04:07+00:00\",\"description\":\"The smart ship concept is gaining traction due to its potential for efficiency (autonomous ships) and safety in the maritime industry\",\"breadcrumb\":{\"@id\":\"https:\/\/sensormaritime.com\/de\/smart-ship\/#breadcrumb\"},\"inLanguage\":\"de\",\"potentialAction\":[{\"@type\":\"ReadAction\",\"target\":[\"https:\/\/sensormaritime.com\/de\/smart-ship\/\"]}]},{\"@type\":\"BreadcrumbList\",\"@id\":\"https:\/\/sensormaritime.com\/de\/smart-ship\/#breadcrumb\",\"itemListElement\":[{\"@type\":\"ListItem\",\"position\":1,\"name\":\"Home\",\"item\":\"http:\/\/sensormaritime.com\/\"},{\"@type\":\"ListItem\",\"position\":2,\"name\":\"Smart ship\"}]},{\"@type\":\"WebSite\",\"@id\":\"http:\/\/sensormaritime.com\/#website\",\"url\":\"http:\/\/sensormaritime.com\/\",\"name\":\"Sensor Maritime\",\"description\":\"\",\"publisher\":{\"@id\":\"http:\/\/sensormaritime.com\/#organization\"},\"potentialAction\":[{\"@type\":\"SearchAction\",\"target\":{\"@type\":\"EntryPoint\",\"urlTemplate\":\"http:\/\/sensormaritime.com\/?s={search_term_string}\"},\"query-input\":{\"@type\":\"PropertyValueSpecification\",\"valueRequired\":true,\"valueName\":\"search_term_string\"}}],\"inLanguage\":\"de\"},{\"@type\":\"Organization\",\"@id\":\"http:\/\/sensormaritime.com\/#organization\",\"name\":\"Sensor Maritime\",\"url\":\"http:\/\/sensormaritime.com\/\",\"logo\":{\"@type\":\"ImageObject\",\"inLanguage\":\"de\",\"@id\":\"http:\/\/sensormaritime.com\/#\/schema\/logo\/image\/\",\"url\":\"http:\/\/sensormaritime.com\/wp-content\/uploads\/2020\/09\/sensormaritime-logo.png\",\"contentUrl\":\"http:\/\/sensormaritime.com\/wp-content\/uploads\/2020\/09\/sensormaritime-logo.png\",\"width\":589,\"height\":50,\"caption\":\"Sensor Maritime\"},\"image\":{\"@id\":\"http:\/\/sensormaritime.com\/#\/schema\/logo\/image\/\"}}]}<\/script>\n<!-- \/ Yoast SEO plugin. -->","yoast_head_json":{"title":"Smart ship - Sensor Maritime","description":"The smart ship concept is gaining traction due to its potential for efficiency (autonomous ships) and safety in the maritime industry","robots":{"index":"index","follow":"follow","max-snippet":"max-snippet:-1","max-image-preview":"max-image-preview:large","max-video-preview":"max-video-preview:-1"},"canonical":"https:\/\/sensormaritime.com\/de\/smart-ship\/","og_locale":"de_DE","og_type":"article","og_title":"Smart ship - Sensor Maritime","og_description":"The smart ship concept is gaining traction due to its potential for efficiency (autonomous ships) and safety in the maritime industry","og_url":"https:\/\/sensormaritime.com\/de\/smart-ship\/","og_site_name":"Sensor Maritime","article_modified_time":"2024-11-21T13:04:07+00:00","twitter_card":"summary_large_image","twitter_misc":{"Gesch\u00e4tzte Lesezeit":"3\u00a0Minuten"},"schema":{"@context":"https:\/\/schema.org","@graph":[{"@type":"WebPage","@id":"https:\/\/sensormaritime.com\/de\/smart-ship\/","url":"https:\/\/sensormaritime.com\/de\/smart-ship\/","name":"Smart ship - Sensor Maritime","isPartOf":{"@id":"http:\/\/sensormaritime.com\/#website"},"datePublished":"2023-01-23T09:59:54+00:00","dateModified":"2024-11-21T13:04:07+00:00","description":"The smart ship concept is gaining traction due to its potential for efficiency (autonomous ships) and safety in the maritime industry","breadcrumb":{"@id":"https:\/\/sensormaritime.com\/de\/smart-ship\/#breadcrumb"},"inLanguage":"de","potentialAction":[{"@type":"ReadAction","target":["https:\/\/sensormaritime.com\/de\/smart-ship\/"]}]},{"@type":"BreadcrumbList","@id":"https:\/\/sensormaritime.com\/de\/smart-ship\/#breadcrumb","itemListElement":[{"@type":"ListItem","position":1,"name":"Home","item":"http:\/\/sensormaritime.com\/"},{"@type":"ListItem","position":2,"name":"Smart ship"}]},{"@type":"WebSite","@id":"http:\/\/sensormaritime.com\/#website","url":"http:\/\/sensormaritime.com\/","name":"Sensor Maritime","description":"","publisher":{"@id":"http:\/\/sensormaritime.com\/#organization"},"potentialAction":[{"@type":"SearchAction","target":{"@type":"EntryPoint","urlTemplate":"http:\/\/sensormaritime.com\/?s={search_term_string}"},"query-input":{"@type":"PropertyValueSpecification","valueRequired":true,"valueName":"search_term_string"}}],"inLanguage":"de"},{"@type":"Organization","@id":"http:\/\/sensormaritime.com\/#organization","name":"Sensor Maritime","url":"http:\/\/sensormaritime.com\/","logo":{"@type":"ImageObject","inLanguage":"de","@id":"http:\/\/sensormaritime.com\/#\/schema\/logo\/image\/","url":"http:\/\/sensormaritime.com\/wp-content\/uploads\/2020\/09\/sensormaritime-logo.png","contentUrl":"http:\/\/sensormaritime.com\/wp-content\/uploads\/2020\/09\/sensormaritime-logo.png","width":589,"height":50,"caption":"Sensor Maritime"},"image":{"@id":"http:\/\/sensormaritime.com\/#\/schema\/logo\/image\/"}}]}},"_links":{"self":[{"href":"http:\/\/sensormaritime.com\/de\/wp-json\/wp\/v2\/pages\/3291","targetHints":{"allow":["GET"]}}],"collection":[{"href":"http:\/\/sensormaritime.com\/de\/wp-json\/wp\/v2\/pages"}],"about":[{"href":"http:\/\/sensormaritime.com\/de\/wp-json\/wp\/v2\/types\/page"}],"author":[{"embeddable":true,"href":"http:\/\/sensormaritime.com\/de\/wp-json\/wp\/v2\/users\/3"}],"replies":[{"embeddable":true,"href":"http:\/\/sensormaritime.com\/de\/wp-json\/wp\/v2\/comments?post=3291"}],"version-history":[{"count":4,"href":"http:\/\/sensormaritime.com\/de\/wp-json\/wp\/v2\/pages\/3291\/revisions"}],"predecessor-version":[{"id":4068,"href":"http:\/\/sensormaritime.com\/de\/wp-json\/wp\/v2\/pages\/3291\/revisions\/4068"}],"wp:attachment":[{"href":"http:\/\/sensormaritime.com\/de\/wp-json\/wp\/v2\/media?parent=3291"}],"curies":[{"name":"wp","href":"https:\/\/api.w.org\/{rel}","templated":true}]}}