{"id":2851,"date":"2021-08-16T08:16:54","date_gmt":"2021-08-16T08:16:54","guid":{"rendered":"http:\/\/sensormaritime.com\/?post_type=product&#038;p=2851"},"modified":"2025-05-13T07:46:23","modified_gmt":"2025-05-13T07:46:23","slug":"height-control","status":"publish","type":"product","link":"http:\/\/sensormaritime.com\/de\/produkt\/height-control\/","title":{"rendered":"Height Control"},"content":{"rendered":"<p class=\"p1\">Zus\u00e4tzlich zu den von Bridgescout\u00ae Basic bereitgestellten Informationen erh\u00e4lt der Kapit\u00e4n auch Echtzeitinformationen \u00fcber die tats\u00e4chliche H\u00f6he des Schiffes. Height Control bietet dem Kapit\u00e4n die M\u00f6glichkeit, das Steuerhaus auf die richtige H\u00f6he f\u00fcr eine sichere Passage einzustellen und informiert Ihren Kapit\u00e4n \u00fcber den aktuell geringstm\u00f6glichen Luftwiderstand. Beachten Sie bitte, dass der angegebene geringste Luftwiderstand auf der niedrigsten Position von Steuerhaus und Antennenmast basiert. Es muss nicht der tats\u00e4chlich geringste Luftwiderstand Ihres Schiffes sein.<\/p>\n<h6 class=\"p1\"><b>ERH\u00d6HEN SIE DIE SICHERHEIT AN BORD<\/b><\/h6>\n<p class=\"p2\">Height Control informiert den Kapit\u00e4n \u00fcber die H\u00f6he des Steuerhauses in Relation zur Wasserlinie, w\u00e4hrend Sie sich Ihr Schiff einer Br\u00fccke n\u00e4hert, um diese zu passieren. Mit anderen Worten, unterst\u00fctzt es den Kapit\u00e4n dabei, die richtige Entscheidung zu treffen, um die Sicherheit an Bord zu erh\u00f6hen. Deshalb ist Height Control eine sinnvolle Erweiterung des Produktportfolios von Sensor Maritime.<\/p>\n<p class=\"p2\">Durch die Erweiterung um den Antennenmast-Sensor, wird die H\u00f6he des Mastes mit ber\u00fccksichtigt. Mit dieser Erg\u00e4nzung, zu unserem Bridgescout\u00ae-Sensor, wird der Kapit\u00e4n durch einen Alarm \u00fcber die m\u00f6gliche Kollisionsgefahr informiert, sollte das Steuerhaus nicht (rechtzeitig) abgesenkt und keine ausreichende Durchfahrtsh\u00f6he gegeben sein, um die Br\u00fccke sicher zu passieren. Damit kann der Kapit\u00e4n das Steuerhaus jetzt rechtzeitig herunterfahren.<\/p>\n<h6><b>BERG MARITIEME MEETSYSTEMEN<\/b><\/h6>\n<p class=\"p1\"><img decoding=\"async\" class=\"size-full wp-image-2868 alignleft\" src=\"http:\/\/sensormaritime.com\/wp-content\/uploads\/2021\/08\/bergcolor.png\" alt=\"\" width=\"200\" height=\"113\" srcset=\"http:\/\/sensormaritime.com\/wp-content\/uploads\/2021\/08\/bergcolor.png 200w, http:\/\/sensormaritime.com\/wp-content\/uploads\/2021\/08\/bergcolor-16x9.png 16w\" sizes=\"(max-width: 200px) 100vw, 200px\" \/>Um Height Control zu entwickeln, ist Sensor Maritime eine Partnerschaft mit Berg Maritieme Meetsystemen eingegangen. Durch die Kombination der Daten der Tiefen-Sensoren (Bug und Achtern) von Berg Maritieme Meetsystemen und den Daten des Steuerhaus-H\u00f6hensensors von Sensor Maritime, wird die H\u00f6he Ihres Steuerhauses in Relation zur Wasserlinie berechnet und auf dem Display im Steuerhaus angezeigt. Durch Anklicken des Symboles f\u00fcr die H\u00f6henkontrolle \u00f6ffnet sich ein \u201epop-up-Fenster\u201c mit zus\u00e4tzlichen Daten zum Tiefgang Ihres Schiffes. Behalten Sie, mit den integrierten Systemen, den \u00dcberblick.<\/p>\n<p>&nbsp;<\/p>\n<p class=\"p1\">","protected":false},"excerpt":{"rendered":"<p class=\"p1\">Der Tiefgang eines Schiffes wird mittels Sensoren gemessen und auf einem Display angezeigt; die H\u00f6he des Steuerhauses wird oft separat auf einem anderen Display im Steuerhaus angezeigt. Durch die Kombination der Daten und deren Anzeige auf einem Display, unserem Sensor Maritime hub, haben Sie alle Informationen, die Sie f\u00fcr eine sichere Fahrt ben\u00f6tigen: Height Control.<\/p>","protected":false},"featured_media":2857,"template":"","meta":{"_acf_changed":false,"site-sidebar-layout":"default","site-content-layout":"default","ast-site-content-layout":"default","site-content-style":"default","site-sidebar-style":"default","ast-global-header-display":"","ast-banner-title-visibility":"","ast-main-header-display":"","ast-hfb-above-header-display":"","ast-hfb-below-header-display":"","ast-hfb-mobile-header-display":"","site-post-title":"","ast-breadcrumbs-content":"","ast-featured-img":"","footer-sml-layout":"","theme-transparent-header-meta":"default","adv-header-id-meta":"","stick-header-meta":"","header-above-stick-meta":"","header-main-stick-meta":"","header-below-stick-meta":"","astra-migrate-meta-layouts":"set","ast-page-background-enabled":"default","ast-page-background-meta":{"desktop":{"background-color":"","background-image":"","background-repeat":"repeat","background-position":"center center","background-size":"auto","background-attachment":"scroll","background-type":"","background-media":"","overlay-type":"","overlay-color":"","overlay-opacity":"","overlay-gradient":""},"tablet":{"background-color":"","background-image":"","background-repeat":"repeat","background-position":"center center","background-size":"auto","background-attachment":"scroll","background-type":"","background-media":"","overlay-type":"","overlay-color":"","overlay-opacity":"","overlay-gradient":""},"mobile":{"background-color":"","background-image":"","background-repeat":"repeat","background-position":"center center","background-size":"auto","background-attachment":"scroll","background-type":"","background-media":"","overlay-type":"","overlay-color":"","overlay-opacity":"","overlay-gradient":""}},"ast-content-background-meta":{"desktop":{"background-color":"var(--ast-global-color-5)","background-image":"","background-repeat":"repeat","background-position":"center center","background-size":"auto","background-attachment":"scroll","background-type":"","background-media":"","overlay-type":"","overlay-color":"","overlay-opacity":"","overlay-gradient":""},"tablet":{"background-color":"var(--ast-global-color-5)","background-image":"","background-repeat":"repeat","background-position":"center center","background-size":"auto","background-attachment":"scroll","background-type":"","background-media":"","overlay-type":"","overlay-color":"","overlay-opacity":"","overlay-gradient":""},"mobile":{"background-color":"var(--ast-global-color-5)","background-image":"","background-repeat":"repeat","background-position":"center center","background-size":"auto","background-attachment":"scroll","background-type":"","background-media":"","overlay-type":"","overlay-color":"","overlay-opacity":"","overlay-gradient":""}}},"product_cat":[26],"product_tag":[],"class_list":{"0":"post-2851","1":"product","2":"type-product","3":"status-publish","4":"has-post-thumbnail","6":"product_cat-sensor-maritime","7":"desktop-align-center","8":"tablet-align-center","9":"mobile-align-center","10":"ast-product-gallery-layout-horizontal","11":"ast-product-gallery-with-no-image","12":"ast-product-single-variable","13":"ast-product-tabs-layout-horizontal","15":"first","16":"instock","17":"taxable","18":"shipping-taxable","19":"product-type-variable"},"acf":[],"yoast_head":"<!-- This site is optimized with the Yoast SEO plugin v24.1 - https:\/\/yoast.com\/wordpress\/plugins\/seo\/ -->\n<title>Height Control - Sensor Maritime<\/title>\n<meta name=\"robots\" content=\"index, follow, max-snippet:-1, max-image-preview:large, max-video-preview:-1\" \/>\n<link rel=\"canonical\" href=\"https:\/\/sensormaritime.com\/de\/produkt\/height-control\/\" \/>\n<meta property=\"og:locale\" content=\"de_DE\" \/>\n<meta property=\"og:type\" content=\"article\" \/>\n<meta property=\"og:title\" content=\"Height Control - Sensor Maritime\" \/>\n<meta property=\"og:description\" content=\"The depth of a vessel is measured by means of sensors and displayed on a panel; the height of the wheelhouse is often shown separately on another panel in the wheelhouse. By combining the data and displaying it on one panel, our Sensor Maritime hub, you have all information needed for a safe passage: Height Control.\" \/>\n<meta property=\"og:url\" content=\"https:\/\/sensormaritime.com\/de\/produkt\/height-control\/\" \/>\n<meta property=\"og:site_name\" content=\"Sensor Maritime\" \/>\n<meta property=\"article:modified_time\" content=\"2025-05-13T07:46:23+00:00\" \/>\n<meta property=\"og:image\" content=\"https:\/\/sensormaritime.com\/wp-content\/uploads\/2021\/08\/heightcontrol.png\" \/>\n\t<meta property=\"og:image:width\" content=\"300\" \/>\n\t<meta property=\"og:image:height\" content=\"300\" \/>\n\t<meta property=\"og:image:type\" content=\"image\/png\" \/>\n<meta name=\"twitter:card\" content=\"summary_large_image\" \/>\n<meta name=\"twitter:label1\" content=\"Gesch\u00e4tzte Lesezeit\" \/>\n\t<meta name=\"twitter:data1\" content=\"3\u00a0Minuten\" \/>\n<script type=\"application\/ld+json\" class=\"yoast-schema-graph\">{\"@context\":\"https:\/\/schema.org\",\"@graph\":[{\"@type\":\"WebPage\",\"@id\":\"https:\/\/sensormaritime.com\/nl\/product\/height-control\/\",\"url\":\"https:\/\/sensormaritime.com\/nl\/product\/height-control\/\",\"name\":\"Height Control - Sensor Maritime\",\"isPartOf\":{\"@id\":\"http:\/\/sensormaritime.com\/#website\"},\"primaryImageOfPage\":{\"@id\":\"https:\/\/sensormaritime.com\/nl\/product\/height-control\/#primaryimage\"},\"image\":{\"@id\":\"https:\/\/sensormaritime.com\/nl\/product\/height-control\/#primaryimage\"},\"thumbnailUrl\":\"http:\/\/sensormaritime.com\/wp-content\/uploads\/2021\/08\/heightcontrol.png\",\"datePublished\":\"2021-08-16T08:16:54+00:00\",\"dateModified\":\"2025-05-13T07:46:23+00:00\",\"breadcrumb\":{\"@id\":\"https:\/\/sensormaritime.com\/nl\/product\/height-control\/#breadcrumb\"},\"inLanguage\":\"de\",\"potentialAction\":[{\"@type\":\"ReadAction\",\"target\":[\"https:\/\/sensormaritime.com\/nl\/product\/height-control\/\"]}]},{\"@type\":\"ImageObject\",\"inLanguage\":\"de\",\"@id\":\"https:\/\/sensormaritime.com\/nl\/product\/height-control\/#primaryimage\",\"url\":\"http:\/\/sensormaritime.com\/wp-content\/uploads\/2021\/08\/heightcontrol.png\",\"contentUrl\":\"http:\/\/sensormaritime.com\/wp-content\/uploads\/2021\/08\/heightcontrol.png\",\"width\":300,\"height\":300},{\"@type\":\"BreadcrumbList\",\"@id\":\"https:\/\/sensormaritime.com\/nl\/product\/height-control\/#breadcrumb\",\"itemListElement\":[{\"@type\":\"ListItem\",\"position\":1,\"name\":\"Home\",\"item\":\"http:\/\/sensormaritime.com\/\"},{\"@type\":\"ListItem\",\"position\":2,\"name\":\"Products\",\"item\":\"https:\/\/sensormaritime.com\/de\/shop\/\"},{\"@type\":\"ListItem\",\"position\":3,\"name\":\"Height Control\"}]},{\"@type\":\"WebSite\",\"@id\":\"http:\/\/sensormaritime.com\/#website\",\"url\":\"http:\/\/sensormaritime.com\/\",\"name\":\"Sensor Maritime\",\"description\":\"\",\"publisher\":{\"@id\":\"http:\/\/sensormaritime.com\/#organization\"},\"potentialAction\":[{\"@type\":\"SearchAction\",\"target\":{\"@type\":\"EntryPoint\",\"urlTemplate\":\"http:\/\/sensormaritime.com\/?s={search_term_string}\"},\"query-input\":{\"@type\":\"PropertyValueSpecification\",\"valueRequired\":true,\"valueName\":\"search_term_string\"}}],\"inLanguage\":\"de\"},{\"@type\":\"Organization\",\"@id\":\"http:\/\/sensormaritime.com\/#organization\",\"name\":\"Sensor Maritime\",\"url\":\"http:\/\/sensormaritime.com\/\",\"logo\":{\"@type\":\"ImageObject\",\"inLanguage\":\"de\",\"@id\":\"http:\/\/sensormaritime.com\/#\/schema\/logo\/image\/\",\"url\":\"http:\/\/sensormaritime.com\/wp-content\/uploads\/2020\/09\/sensormaritime-logo.png\",\"contentUrl\":\"http:\/\/sensormaritime.com\/wp-content\/uploads\/2020\/09\/sensormaritime-logo.png\",\"width\":589,\"height\":50,\"caption\":\"Sensor Maritime\"},\"image\":{\"@id\":\"http:\/\/sensormaritime.com\/#\/schema\/logo\/image\/\"}}]}<\/script>\n<!-- \/ Yoast SEO plugin. -->","yoast_head_json":{"title":"Height Control - Sensor Maritime","robots":{"index":"index","follow":"follow","max-snippet":"max-snippet:-1","max-image-preview":"max-image-preview:large","max-video-preview":"max-video-preview:-1"},"canonical":"https:\/\/sensormaritime.com\/de\/produkt\/height-control\/","og_locale":"de_DE","og_type":"article","og_title":"Height Control - Sensor Maritime","og_description":"The depth of a vessel is measured by means of sensors and displayed on a panel; the height of the wheelhouse is often shown separately on another panel in the wheelhouse. By combining the data and displaying it on one panel, our Sensor Maritime hub, you have all information needed for a safe passage: Height Control.","og_url":"https:\/\/sensormaritime.com\/de\/produkt\/height-control\/","og_site_name":"Sensor Maritime","article_modified_time":"2025-05-13T07:46:23+00:00","og_image":[{"width":300,"height":300,"url":"https:\/\/sensormaritime.com\/wp-content\/uploads\/2021\/08\/heightcontrol.png","type":"image\/png"}],"twitter_card":"summary_large_image","twitter_misc":{"Gesch\u00e4tzte Lesezeit":"3\u00a0Minuten"},"schema":{"@context":"https:\/\/schema.org","@graph":[{"@type":"WebPage","@id":"https:\/\/sensormaritime.com\/nl\/product\/height-control\/","url":"https:\/\/sensormaritime.com\/nl\/product\/height-control\/","name":"Height Control - Sensor Maritime","isPartOf":{"@id":"http:\/\/sensormaritime.com\/#website"},"primaryImageOfPage":{"@id":"https:\/\/sensormaritime.com\/nl\/product\/height-control\/#primaryimage"},"image":{"@id":"https:\/\/sensormaritime.com\/nl\/product\/height-control\/#primaryimage"},"thumbnailUrl":"http:\/\/sensormaritime.com\/wp-content\/uploads\/2021\/08\/heightcontrol.png","datePublished":"2021-08-16T08:16:54+00:00","dateModified":"2025-05-13T07:46:23+00:00","breadcrumb":{"@id":"https:\/\/sensormaritime.com\/nl\/product\/height-control\/#breadcrumb"},"inLanguage":"de","potentialAction":[{"@type":"ReadAction","target":["https:\/\/sensormaritime.com\/nl\/product\/height-control\/"]}]},{"@type":"ImageObject","inLanguage":"de","@id":"https:\/\/sensormaritime.com\/nl\/product\/height-control\/#primaryimage","url":"http:\/\/sensormaritime.com\/wp-content\/uploads\/2021\/08\/heightcontrol.png","contentUrl":"http:\/\/sensormaritime.com\/wp-content\/uploads\/2021\/08\/heightcontrol.png","width":300,"height":300},{"@type":"BreadcrumbList","@id":"https:\/\/sensormaritime.com\/nl\/product\/height-control\/#breadcrumb","itemListElement":[{"@type":"ListItem","position":1,"name":"Home","item":"http:\/\/sensormaritime.com\/"},{"@type":"ListItem","position":2,"name":"Products","item":"https:\/\/sensormaritime.com\/de\/shop\/"},{"@type":"ListItem","position":3,"name":"Height Control"}]},{"@type":"WebSite","@id":"http:\/\/sensormaritime.com\/#website","url":"http:\/\/sensormaritime.com\/","name":"Sensor Maritime","description":"","publisher":{"@id":"http:\/\/sensormaritime.com\/#organization"},"potentialAction":[{"@type":"SearchAction","target":{"@type":"EntryPoint","urlTemplate":"http:\/\/sensormaritime.com\/?s={search_term_string}"},"query-input":{"@type":"PropertyValueSpecification","valueRequired":true,"valueName":"search_term_string"}}],"inLanguage":"de"},{"@type":"Organization","@id":"http:\/\/sensormaritime.com\/#organization","name":"Sensor Maritime","url":"http:\/\/sensormaritime.com\/","logo":{"@type":"ImageObject","inLanguage":"de","@id":"http:\/\/sensormaritime.com\/#\/schema\/logo\/image\/","url":"http:\/\/sensormaritime.com\/wp-content\/uploads\/2020\/09\/sensormaritime-logo.png","contentUrl":"http:\/\/sensormaritime.com\/wp-content\/uploads\/2020\/09\/sensormaritime-logo.png","width":589,"height":50,"caption":"Sensor Maritime"},"image":{"@id":"http:\/\/sensormaritime.com\/#\/schema\/logo\/image\/"}}]}},"_links":{"self":[{"href":"http:\/\/sensormaritime.com\/de\/wp-json\/wp\/v2\/product\/2851","targetHints":{"allow":["GET"]}}],"collection":[{"href":"http:\/\/sensormaritime.com\/de\/wp-json\/wp\/v2\/product"}],"about":[{"href":"http:\/\/sensormaritime.com\/de\/wp-json\/wp\/v2\/types\/product"}],"version-history":[{"count":5,"href":"http:\/\/sensormaritime.com\/de\/wp-json\/wp\/v2\/product\/2851\/revisions"}],"predecessor-version":[{"id":3130,"href":"http:\/\/sensormaritime.com\/de\/wp-json\/wp\/v2\/product\/2851\/revisions\/3130"}],"wp:featuredmedia":[{"embeddable":true,"href":"http:\/\/sensormaritime.com\/de\/wp-json\/wp\/v2\/media\/2857"}],"wp:attachment":[{"href":"http:\/\/sensormaritime.com\/de\/wp-json\/wp\/v2\/media?parent=2851"}],"wp:term":[{"taxonomy":"product_cat","embeddable":true,"href":"http:\/\/sensormaritime.com\/de\/wp-json\/wp\/v2\/product_cat?post=2851"},{"taxonomy":"product_tag","embeddable":true,"href":"http:\/\/sensormaritime.com\/de\/wp-json\/wp\/v2\/product_tag?post=2851"}],"curies":[{"name":"wp","href":"https:\/\/api.w.org\/{rel}","templated":true}]}}