{"id":3989,"date":"2024-10-09T11:05:03","date_gmt":"2024-10-09T11:05:03","guid":{"rendered":"https:\/\/sensormaritime.com\/?page_id=3989"},"modified":"2024-10-09T11:11:15","modified_gmt":"2024-10-09T11:11:15","slug":"privacy-policy-sensor-maritime","status":"publish","type":"page","link":"https:\/\/sensormaritime.com\/de\/privacy-policy-sensor-maritime\/","title":{"rendered":"Datenschutzerkl\u00e4rung Sensor Maritime"},"content":{"rendered":"<div data-elementor-type=\"wp-page\" data-elementor-id=\"3989\" class=\"elementor elementor-3989\" data-elementor-post-type=\"page\">\n\t\t\t\t\t\t<section class=\"elementor-section elementor-top-section elementor-element elementor-element-4877cf7 elementor-section-boxed elementor-section-height-default elementor-section-height-default\" data-id=\"4877cf7\" data-element_type=\"section\" data-settings=\"{&quot;jet_parallax_layout_list&quot;:[]}\">\n\t\t\t\t\t\t<div class=\"elementor-container elementor-column-gap-default\">\n\t\t\t\t\t<div class=\"elementor-column elementor-col-100 elementor-top-column elementor-element elementor-element-20295f2\" data-id=\"20295f2\" data-element_type=\"column\">\n\t\t\t<div class=\"elementor-widget-wrap elementor-element-populated\">\n\t\t\t\t\t\t<div class=\"elementor-element elementor-element-a0a6f34 elementor-widget elementor-widget-heading\" data-id=\"a0a6f34\" data-element_type=\"widget\" data-widget_type=\"heading.default\">\n\t\t\t\t<div class=\"elementor-widget-container\">\n\t\t\t\t\t<h2 class=\"elementor-heading-title elementor-size-default\">Datenschutzerkl\u00e4rung Sensor Maritime<\/h2>\t\t\t\t<\/div>\n\t\t\t\t<\/div>\n\t\t\t\t\t<\/div>\n\t\t<\/div>\n\t\t\t\t\t<\/div>\n\t\t<\/section>\n\t\t\t\t<section class=\"elementor-section elementor-top-section elementor-element elementor-element-5d13889 elementor-section-boxed elementor-section-height-default elementor-section-height-default\" data-id=\"5d13889\" data-element_type=\"section\" data-settings=\"{&quot;jet_parallax_layout_list&quot;:[]}\">\n\t\t\t\t\t\t<div class=\"elementor-container elementor-column-gap-default\">\n\t\t\t\t\t<div class=\"elementor-column elementor-col-100 elementor-top-column elementor-element elementor-element-13fe5af\" data-id=\"13fe5af\" data-element_type=\"column\">\n\t\t\t<div class=\"elementor-widget-wrap elementor-element-populated\">\n\t\t\t\t\t\t<div class=\"elementor-element elementor-element-4553454 elementor-widget elementor-widget-text-editor\" data-id=\"4553454\" data-element_type=\"widget\" data-widget_type=\"text-editor.default\">\n\t\t\t\t<div class=\"elementor-widget-container\">\n\t\t\t\t\t\t\t\t\t<p>Sensor Maritime B.V., mit Sitz in Nieuwe Linie 9, 5146 PJ Vught, ist f\u00fcr die Verarbeitung personenbezogener Daten verantwortlich, wie in dieser Datenschutzerkl\u00e4rung beschrieben.<\/p><p><strong>Kontaktinformationen:<\/strong><br>Nieuwe Linie 9<br>5146 PJ Vught<br>Phone: 073 220 0454<br>Province: Noord-Brabant<br>Website: <a rel=\"noopener\" target=\"_new\" href=\"https:\/\/sensormaritime.com\/de\/\">www.sensormaritime.com<\/a><br>E-mail: <a rel=\"noopener\">info@sensormaritime.com<\/a><\/p><p class=\"translation-block\"><strong>Personal data we process<\/strong><br>Sensor Maritime processes your personal data because you use our services and\/or because you have provided this data to us. Below is an overview of the personal data we process:<\/p><ul><li>Vor- und Nachname<\/li><li>Firmenname und Berufsbezeichnung<\/li><li>Adresse<\/li><li>Telefonnummer<\/li><li>E-Mail-Adresse<\/li><li>IP-Adresse<\/li><li>Internetbrowser und Ger\u00e4tetyp<\/li><li>Daten \u00fcber Ihre Aktivit\u00e4ten auf unserer Website<\/li><\/ul><p><strong>Besondere und\/oder sensible personenbezogene Daten, die wir verarbeiten<\/strong><br>Unsere Website und Dienstleistungen sind nicht darauf ausgelegt, Daten \u00fcber Websitebesucher zu sammeln, die j\u00fcnger als 16 Jahre sind, es sei denn, sie haben die Erlaubnis eines Elternteils oder Erziehungsberechtigten. Wir k\u00f6nnen jedoch nicht \u00fcberpr\u00fcfen, ob ein Besucher \u00e4lter als 16 ist. Wir empfehlen Eltern daher, sich an den Online-Aktivit\u00e4ten ihrer Kinder zu beteiligen, um zu verhindern, dass ohne elterliche Zustimmung Daten \u00fcber Kinder gesammelt werden.<\/p><p><strong>Zu welchem Zweck und auf welcher Grundlage wir personenbezogene Daten verarbeiten<\/strong><br>Sensor Maritime verarbeitet Ihre personenbezogenen Daten zu folgenden Zwecken:<\/p><ul><li>Bearbeitung Ihrer Anfrage oder Ihres Anliegens<\/li><li>Versand unseres Newsletters und\/oder Werbe-E-Mails<\/li><li>Um Sie anrufen oder per E-Mail kontaktieren zu k\u00f6nnen, wenn dies f\u00fcr die Durchf\u00fchrung unserer Dienstleistungen erforderlich ist<\/li><li>Um Sie \u00fcber \u00c4nderungen unserer Dienstleistungen und Produkte zu informieren<\/li><li>Analyse Ihres Verhaltens auf unserer Website, um diese zu verbessern und das Angebot an Produkten und Dienstleistungen an Ihre Pr\u00e4ferenzen anzupassen<\/li><li>Erf\u00fcllung gesetzlicher Verpflichtungen<\/li><\/ul><p><strong>Automatisierte Entscheidungsfindung<\/strong><br>Sensor Maritime trifft keine Entscheidungen, die ausschlie\u00dflich auf automatisierten Verarbeitungen (Algorithmen) beruhen und f\u00fcr Einzelpersonen nachteilige Folgen haben k\u00f6nnten.<\/p><p><strong>Wie lange wir personenbezogene Daten aufbewahren<\/strong><br>Sensor Maritime bewahrt Ihre personenbezogenen Daten nicht l\u00e4nger auf, als es unbedingt erforderlich ist, um die Ziele zu erreichen, f\u00fcr die Ihre Daten erhoben wurden. Wir wenden die folgenden Aufbewahrungsfristen f\u00fcr die folgenden (Kategorien von) personenbezogenen Daten an:<\/p><ul><li>Personenbezogene Daten (z.B. Name, Kontaktdaten): Aufbewahrungsfrist so lange wie f\u00fcr die Erbringung der Dienstleistung erforderlich oder bis Sie die L\u00f6schung beantragen.<\/li><li>Daten \u00fcber Ihre Aktivit\u00e4ten auf der Website: bis zu 2 Jahre nach dem letzten Besuch.<\/li><\/ul><p><strong>Weitergabe personenbezogener Daten an Dritte<\/strong><br>Sensor Maritime gibt Ihre personenbezogenen Daten nur dann an verschiedene Dritte weiter, wenn dies f\u00fcr die Ausf\u00fchrung des Vertrages notwendig ist oder um gesetzliche Verpflichtungen zu erf\u00fcllen. Mit Unternehmen, die Ihre Daten in unserem Auftrag verarbeiten, schlie\u00dfen wir eine Auftragsverarbeitungsvereinbarung ab, um sicherzustellen, dass Ihre Daten mit dem gleichen Ma\u00df an Sicherheit und Vertraulichkeit behandelt werden. Sensor Maritime bleibt f\u00fcr diese Verarbeitungen verantwortlich.<\/p><p><strong>Cookies oder \u00e4hnliche Technologien, die wir verwenden<\/strong><br>Sensor Maritime verwendet funktionale, analytische und Tracking-Cookies. Ein Cookie ist eine kleine Textdatei, die bei Ihrem ersten Besuch dieser Website im Browser Ihres Computers, Tablets oder Smartphones gespeichert wird. Sensor Maritime verwendet Cookies mit einer rein technischen Funktionalit\u00e4t. Diese sorgen daf\u00fcr, dass die Website ordnungsgem\u00e4\u00df funktioniert und dass beispielsweise Ihre bevorzugten Einstellungen gespeichert werden. Dar\u00fcber hinaus setzen wir Cookies ein, die Ihr Surfverhalten verfolgen, um Ihnen ma\u00dfgeschneiderte Inhalte und Werbung anbieten zu k\u00f6nnen.<\/p><p>Bei Ihrem ersten Besuch auf unserer Website haben wir Sie \u00fcber diese Cookies informiert und um Ihre Erlaubnis gebeten, diese zu platzieren. Sie k\u00f6nnen die Speicherung von Cookies ablehnen, indem Sie Ihre Interneteinstellungen entsprechend anpassen, sodass keine Cookies mehr gespeichert werden. Au\u00dferdem k\u00f6nnen Sie alle zuvor gespeicherten Informationen \u00fcber die Einstellungen Ihres Browsers l\u00f6schen.<\/p><p><strong>Einsichtnahme, \u00c4nderung oder L\u00f6schung von Daten<\/strong><br>Sie haben das Recht, Ihre personenbezogenen Daten einzusehen, zu korrigieren oder zu l\u00f6schen. Dar\u00fcber hinaus haben Sie das Recht, Ihre Zustimmung zur Verarbeitung Ihrer Daten zu widerrufen oder der Verarbeitung Ihrer personenbezogenen Daten durch Sensor Maritime zu widersprechen. Sie haben auch das Recht auf Daten\u00fcbertragbarkeit. Das bedeutet, dass Sie uns auffordern k\u00f6nnen, die personenbezogenen Daten, die wir von Ihnen gespeichert haben, in einer Computerdatei an Sie oder eine andere Organisation Ihrer Wahl zu \u00fcbermitteln.<\/p><p>Sie k\u00f6nnen einen Antrag auf Einsichtnahme, Berichtigung, L\u00f6schung oder \u00dcbertragung Ihrer personenbezogenen Daten oder einen Antrag auf Widerruf Ihrer Zustimmung oder Widerspruch gegen die Verarbeitung Ihrer personenbezogenen Daten an info@sensormaritime.com senden. <a rel=\"noopener\">info@sensormaritime.com<\/a>.<\/p><p>Um sicherzustellen, dass der Antrag auf Einsichtnahme von Ihnen gestellt wurde, bitten wir Sie, dem Antrag eine Kopie Ihres Ausweises beizuf\u00fcgen. Schw\u00e4rzen Sie in dieser Kopie Ihr Passfoto, die maschinenlesbare Zone (MRZ), Ihre Passnummer und die B\u00fcrgeridentifikationsnummer (BSN) zum Schutz Ihrer Privatsph\u00e4re. Wir werden so schnell wie m\u00f6glich, sp\u00e4testens jedoch innerhalb von vier Wochen auf Ihren Antrag reagieren.<\/p><p><strong>Wie wir personenbezogene Daten sch\u00fctzen<\/strong><br>Sensor Maritime nimmt den Schutz Ihrer Daten ernst und ergreift geeignete Ma\u00dfnahmen, um Missbrauch, Verlust, unbefugten Zugriff, unerw\u00fcnschte Offenlegung und unbefugte \u00c4nderungen zu verhindern. Wenn Sie den Eindruck haben, dass Ihre Daten nicht richtig gesichert sind oder es Hinweise auf Missbrauch gibt, kontaktieren Sie bitte unseren Kundenservice unter <a rel=\"noopener\">info@sensormaritime.com<\/a>.<\/p>\t\t\t\t\t\t\t\t<\/div>\n\t\t\t\t<\/div>\n\t\t\t\t\t<\/div>\n\t\t<\/div>\n\t\t\t\t\t<\/div>\n\t\t<\/section>\n\t\t\t\t<\/div>","protected":false},"excerpt":{"rendered":"<p>Privacy Policy Sensor Maritime Sensor Maritime B.V., located at Nieuwe Linie 9, 5146 PJ Vught, is responsible for the processing of personal data as described in this privacy policy. Contact Information:Nieuwe Linie 95146 PJ VughtPhone: 073 220 0454Province: Noord-BrabantWebsite: www.sensormaritime.comE-mail: info@sensormaritime.com Personal data we processSensor Maritime processes your personal data because you use our services [&hellip;]<\/p>","protected":false},"author":5,"featured_media":3794,"parent":0,"menu_order":0,"comment_status":"closed","ping_status":"closed","template":"","meta":{"_acf_changed":false,"site-sidebar-layout":"no-sidebar","site-content-layout":"page-builder","ast-site-content-layout":"full-width-container","site-content-style":"default","site-sidebar-style":"default","ast-global-header-display":"","ast-banner-title-visibility":"","ast-main-header-display":"","ast-hfb-above-header-display":"","ast-hfb-below-header-display":"","ast-hfb-mobile-header-display":"","site-post-title":"disabled","ast-breadcrumbs-content":"","ast-featured-img":"disabled","footer-sml-layout":"","theme-transparent-header-meta":"","adv-header-id-meta":"","stick-header-meta":"","header-above-stick-meta":"","header-main-stick-meta":"","header-below-stick-meta":"","astra-migrate-meta-layouts":"set","ast-page-background-enabled":"default","ast-page-background-meta":{"desktop":{"background-color":"","background-image":"","background-repeat":"repeat","background-position":"center center","background-size":"auto","background-attachment":"scroll","background-type":"","background-media":"","overlay-type":"","overlay-color":"","overlay-opacity":"","overlay-gradient":""},"tablet":{"background-color":"","background-image":"","background-repeat":"repeat","background-position":"center center","background-size":"auto","background-attachment":"scroll","background-type":"","background-media":"","overlay-type":"","overlay-color":"","overlay-opacity":"","overlay-gradient":""},"mobile":{"background-color":"","background-image":"","background-repeat":"repeat","background-position":"center center","background-size":"auto","background-attachment":"scroll","background-type":"","background-media":"","overlay-type":"","overlay-color":"","overlay-opacity":"","overlay-gradient":""}},"ast-content-background-meta":{"desktop":{"background-color":"var(--ast-global-color-5)","background-image":"","background-repeat":"repeat","background-position":"center center","background-size":"auto","background-attachment":"scroll","background-type":"","background-media":"","overlay-type":"","overlay-color":"","overlay-opacity":"","overlay-gradient":""},"tablet":{"background-color":"var(--ast-global-color-5)","background-image":"","background-repeat":"repeat","background-position":"center center","background-size":"auto","background-attachment":"scroll","background-type":"","background-media":"","overlay-type":"","overlay-color":"","overlay-opacity":"","overlay-gradient":""},"mobile":{"background-color":"var(--ast-global-color-5)","background-image":"","background-repeat":"repeat","background-position":"center center","background-size":"auto","background-attachment":"scroll","background-type":"","background-media":"","overlay-type":"","overlay-color":"","overlay-opacity":"","overlay-gradient":""}},"footnotes":""},"class_list":["post-3989","page","type-page","status-publish","has-post-thumbnail","hentry"],"acf":[],"yoast_head":"<!-- This site is optimized with the Yoast SEO plugin v24.1 - https:\/\/yoast.com\/wordpress\/plugins\/seo\/ -->\n<title>Privacy Policy Sensor Maritime - Sensor Maritime<\/title>\n<meta name=\"description\" content=\"Sensor Maritime B.V., located at Nieuwe Linie 9, 5146 PJ Vught, is responsible for the processing of personal data as described in this privacy policy.\" \/>\n<meta name=\"robots\" content=\"index, follow, max-snippet:-1, max-image-preview:large, max-video-preview:-1\" \/>\n<link rel=\"canonical\" href=\"http:\/\/sensormaritime.com\/de\/privacy-policy-sensor-maritime\/\" \/>\n<meta property=\"og:locale\" content=\"de_DE\" \/>\n<meta property=\"og:type\" content=\"article\" \/>\n<meta property=\"og:title\" content=\"Privacy Policy Sensor Maritime - Sensor Maritime\" \/>\n<meta property=\"og:description\" content=\"Sensor Maritime B.V., located at Nieuwe Linie 9, 5146 PJ Vught, is responsible for the processing of personal data as described in this privacy policy.\" \/>\n<meta property=\"og:url\" content=\"http:\/\/sensormaritime.com\/de\/privacy-policy-sensor-maritime\/\" \/>\n<meta property=\"og:site_name\" content=\"Sensor Maritime\" \/>\n<meta property=\"article:modified_time\" content=\"2024-10-09T11:11:15+00:00\" \/>\n<meta property=\"og:image\" content=\"http:\/\/sensormaritime.com\/wp-content\/uploads\/2024\/01\/anoukjorritgesprek.jpg\" \/>\n\t<meta property=\"og:image:width\" content=\"1500\" \/>\n\t<meta property=\"og:image:height\" content=\"1000\" \/>\n\t<meta property=\"og:image:type\" content=\"image\/jpeg\" \/>\n<meta name=\"twitter:card\" content=\"summary_large_image\" \/>\n<meta name=\"twitter:label1\" content=\"Gesch\u00e4tzte Lesezeit\" \/>\n\t<meta name=\"twitter:data1\" content=\"5\u00a0Minuten\" \/>\n<script type=\"application\/ld+json\" class=\"yoast-schema-graph\">{\"@context\":\"https:\/\/schema.org\",\"@graph\":[{\"@type\":\"WebPage\",\"@id\":\"http:\/\/sensormaritime.com\/nl\/privacy-policy-sensor-maritime\/\",\"url\":\"http:\/\/sensormaritime.com\/nl\/privacy-policy-sensor-maritime\/\",\"name\":\"Privacy Policy Sensor Maritime - Sensor Maritime\",\"isPartOf\":{\"@id\":\"http:\/\/sensormaritime.com\/#website\"},\"primaryImageOfPage\":{\"@id\":\"http:\/\/sensormaritime.com\/nl\/privacy-policy-sensor-maritime\/#primaryimage\"},\"image\":{\"@id\":\"http:\/\/sensormaritime.com\/nl\/privacy-policy-sensor-maritime\/#primaryimage\"},\"thumbnailUrl\":\"https:\/\/sensormaritime.com\/wp-content\/uploads\/2024\/01\/anoukjorritgesprek.jpg\",\"datePublished\":\"2024-10-09T11:05:03+00:00\",\"dateModified\":\"2024-10-09T11:11:15+00:00\",\"description\":\"Sensor Maritime B.V., located at Nieuwe Linie 9, 5146 PJ Vught, is responsible for the processing of personal data as described in this privacy policy.\",\"breadcrumb\":{\"@id\":\"http:\/\/sensormaritime.com\/nl\/privacy-policy-sensor-maritime\/#breadcrumb\"},\"inLanguage\":\"de\",\"potentialAction\":[{\"@type\":\"ReadAction\",\"target\":[\"http:\/\/sensormaritime.com\/nl\/privacy-policy-sensor-maritime\/\"]}]},{\"@type\":\"ImageObject\",\"inLanguage\":\"de\",\"@id\":\"http:\/\/sensormaritime.com\/nl\/privacy-policy-sensor-maritime\/#primaryimage\",\"url\":\"https:\/\/sensormaritime.com\/wp-content\/uploads\/2024\/01\/anoukjorritgesprek.jpg\",\"contentUrl\":\"https:\/\/sensormaritime.com\/wp-content\/uploads\/2024\/01\/anoukjorritgesprek.jpg\",\"width\":1500,\"height\":1000},{\"@type\":\"BreadcrumbList\",\"@id\":\"http:\/\/sensormaritime.com\/nl\/privacy-policy-sensor-maritime\/#breadcrumb\",\"itemListElement\":[{\"@type\":\"ListItem\",\"position\":1,\"name\":\"Home\",\"item\":\"http:\/\/sensormaritime.com\/\"},{\"@type\":\"ListItem\",\"position\":2,\"name\":\"Privacy Policy Sensor Maritime\"}]},{\"@type\":\"WebSite\",\"@id\":\"http:\/\/sensormaritime.com\/#website\",\"url\":\"http:\/\/sensormaritime.com\/\",\"name\":\"Sensor Maritime\",\"description\":\"\",\"publisher\":{\"@id\":\"http:\/\/sensormaritime.com\/#organization\"},\"potentialAction\":[{\"@type\":\"SearchAction\",\"target\":{\"@type\":\"EntryPoint\",\"urlTemplate\":\"http:\/\/sensormaritime.com\/?s={search_term_string}\"},\"query-input\":{\"@type\":\"PropertyValueSpecification\",\"valueRequired\":true,\"valueName\":\"search_term_string\"}}],\"inLanguage\":\"de\"},{\"@type\":\"Organization\",\"@id\":\"http:\/\/sensormaritime.com\/#organization\",\"name\":\"Sensor Maritime\",\"url\":\"http:\/\/sensormaritime.com\/\",\"logo\":{\"@type\":\"ImageObject\",\"inLanguage\":\"de\",\"@id\":\"http:\/\/sensormaritime.com\/#\/schema\/logo\/image\/\",\"url\":\"http:\/\/sensormaritime.com\/wp-content\/uploads\/2020\/09\/sensormaritime-logo.png\",\"contentUrl\":\"http:\/\/sensormaritime.com\/wp-content\/uploads\/2020\/09\/sensormaritime-logo.png\",\"width\":589,\"height\":50,\"caption\":\"Sensor Maritime\"},\"image\":{\"@id\":\"http:\/\/sensormaritime.com\/#\/schema\/logo\/image\/\"}}]}<\/script>\n<!-- \/ Yoast SEO plugin. -->","yoast_head_json":{"title":"Privacy Policy Sensor Maritime - Sensor Maritime","description":"Sensor Maritime B.V., located at Nieuwe Linie 9, 5146 PJ Vught, is responsible for the processing of personal data as described in this privacy policy.","robots":{"index":"index","follow":"follow","max-snippet":"max-snippet:-1","max-image-preview":"max-image-preview:large","max-video-preview":"max-video-preview:-1"},"canonical":"http:\/\/sensormaritime.com\/de\/privacy-policy-sensor-maritime\/","og_locale":"de_DE","og_type":"article","og_title":"Privacy Policy Sensor Maritime - Sensor Maritime","og_description":"Sensor Maritime B.V., located at Nieuwe Linie 9, 5146 PJ Vught, is responsible for the processing of personal data as described in this privacy policy.","og_url":"http:\/\/sensormaritime.com\/de\/privacy-policy-sensor-maritime\/","og_site_name":"Sensor Maritime","article_modified_time":"2024-10-09T11:11:15+00:00","og_image":[{"width":1500,"height":1000,"url":"http:\/\/sensormaritime.com\/wp-content\/uploads\/2024\/01\/anoukjorritgesprek.jpg","type":"image\/jpeg"}],"twitter_card":"summary_large_image","twitter_misc":{"Gesch\u00e4tzte Lesezeit":"5\u00a0Minuten"},"schema":{"@context":"https:\/\/schema.org","@graph":[{"@type":"WebPage","@id":"http:\/\/sensormaritime.com\/nl\/privacy-policy-sensor-maritime\/","url":"http:\/\/sensormaritime.com\/nl\/privacy-policy-sensor-maritime\/","name":"Privacy Policy Sensor Maritime - Sensor Maritime","isPartOf":{"@id":"http:\/\/sensormaritime.com\/#website"},"primaryImageOfPage":{"@id":"http:\/\/sensormaritime.com\/nl\/privacy-policy-sensor-maritime\/#primaryimage"},"image":{"@id":"http:\/\/sensormaritime.com\/nl\/privacy-policy-sensor-maritime\/#primaryimage"},"thumbnailUrl":"https:\/\/sensormaritime.com\/wp-content\/uploads\/2024\/01\/anoukjorritgesprek.jpg","datePublished":"2024-10-09T11:05:03+00:00","dateModified":"2024-10-09T11:11:15+00:00","description":"Sensor Maritime B.V., located at Nieuwe Linie 9, 5146 PJ Vught, is responsible for the processing of personal data as described in this privacy policy.","breadcrumb":{"@id":"http:\/\/sensormaritime.com\/nl\/privacy-policy-sensor-maritime\/#breadcrumb"},"inLanguage":"de","potentialAction":[{"@type":"ReadAction","target":["http:\/\/sensormaritime.com\/nl\/privacy-policy-sensor-maritime\/"]}]},{"@type":"ImageObject","inLanguage":"de","@id":"http:\/\/sensormaritime.com\/nl\/privacy-policy-sensor-maritime\/#primaryimage","url":"https:\/\/sensormaritime.com\/wp-content\/uploads\/2024\/01\/anoukjorritgesprek.jpg","contentUrl":"https:\/\/sensormaritime.com\/wp-content\/uploads\/2024\/01\/anoukjorritgesprek.jpg","width":1500,"height":1000},{"@type":"BreadcrumbList","@id":"http:\/\/sensormaritime.com\/nl\/privacy-policy-sensor-maritime\/#breadcrumb","itemListElement":[{"@type":"ListItem","position":1,"name":"Home","item":"http:\/\/sensormaritime.com\/"},{"@type":"ListItem","position":2,"name":"Privacy Policy Sensor Maritime"}]},{"@type":"WebSite","@id":"http:\/\/sensormaritime.com\/#website","url":"http:\/\/sensormaritime.com\/","name":"Sensor Maritime","description":"","publisher":{"@id":"http:\/\/sensormaritime.com\/#organization"},"potentialAction":[{"@type":"SearchAction","target":{"@type":"EntryPoint","urlTemplate":"http:\/\/sensormaritime.com\/?s={search_term_string}"},"query-input":{"@type":"PropertyValueSpecification","valueRequired":true,"valueName":"search_term_string"}}],"inLanguage":"de"},{"@type":"Organization","@id":"http:\/\/sensormaritime.com\/#organization","name":"Sensor Maritime","url":"http:\/\/sensormaritime.com\/","logo":{"@type":"ImageObject","inLanguage":"de","@id":"http:\/\/sensormaritime.com\/#\/schema\/logo\/image\/","url":"http:\/\/sensormaritime.com\/wp-content\/uploads\/2020\/09\/sensormaritime-logo.png","contentUrl":"http:\/\/sensormaritime.com\/wp-content\/uploads\/2020\/09\/sensormaritime-logo.png","width":589,"height":50,"caption":"Sensor Maritime"},"image":{"@id":"http:\/\/sensormaritime.com\/#\/schema\/logo\/image\/"}}]}},"_links":{"self":[{"href":"https:\/\/sensormaritime.com\/de\/wp-json\/wp\/v2\/pages\/3989","targetHints":{"allow":["GET"]}}],"collection":[{"href":"https:\/\/sensormaritime.com\/de\/wp-json\/wp\/v2\/pages"}],"about":[{"href":"https:\/\/sensormaritime.com\/de\/wp-json\/wp\/v2\/types\/page"}],"author":[{"embeddable":true,"href":"https:\/\/sensormaritime.com\/de\/wp-json\/wp\/v2\/users\/5"}],"replies":[{"embeddable":true,"href":"https:\/\/sensormaritime.com\/de\/wp-json\/wp\/v2\/comments?post=3989"}],"version-history":[{"count":9,"href":"https:\/\/sensormaritime.com\/de\/wp-json\/wp\/v2\/pages\/3989\/revisions"}],"predecessor-version":[{"id":3998,"href":"https:\/\/sensormaritime.com\/de\/wp-json\/wp\/v2\/pages\/3989\/revisions\/3998"}],"wp:featuredmedia":[{"embeddable":true,"href":"https:\/\/sensormaritime.com\/de\/wp-json\/wp\/v2\/media\/3794"}],"wp:attachment":[{"href":"https:\/\/sensormaritime.com\/de\/wp-json\/wp\/v2\/media?parent=3989"}],"curies":[{"name":"wp","href":"https:\/\/api.w.org\/{rel}","templated":true}]}}