{"id":3270,"date":"2022-12-22T09:05:12","date_gmt":"2022-12-22T09:05:12","guid":{"rendered":"http:\/\/sensormaritime.com\/?post_type=product&#038;p=3270"},"modified":"2023-01-31T17:20:04","modified_gmt":"2023-01-31T17:20:04","slug":"dockscout","status":"publish","type":"product","link":"https:\/\/sensormaritime.com\/de\/produkt\/dockscout\/","title":{"rendered":"Dockscout\u00ae"},"content":{"rendered":"<div data-elementor-type=\"product-post\" data-elementor-id=\"3270\" class=\"elementor elementor-3270\" data-elementor-post-type=\"product\">\n\t\t\t\t\t\t<section class=\"elementor-section elementor-top-section elementor-element elementor-element-1bb4cb3 elementor-section-boxed elementor-section-height-default elementor-section-height-default\" data-id=\"1bb4cb3\" data-element_type=\"section\" data-settings=\"{&quot;jet_parallax_layout_list&quot;:[]}\">\n\t\t\t\t\t\t<div class=\"elementor-container elementor-column-gap-default\">\n\t\t\t\t\t<div class=\"elementor-column elementor-col-50 elementor-top-column elementor-element elementor-element-7e5df26\" data-id=\"7e5df26\" data-element_type=\"column\">\n\t\t\t<div class=\"elementor-widget-wrap elementor-element-populated\">\n\t\t\t\t\t\t<div class=\"elementor-element elementor-element-19a5964e elementor-widget elementor-widget-text-editor\" data-id=\"19a5964e\" data-element_type=\"widget\" data-widget_type=\"text-editor.default\">\n\t\t\t\t<div class=\"elementor-widget-container\">\n\t\t\t\t\t\t\t\t\tBeim Andocken treten regelm\u00e4\u00dfig Sch\u00e4den auf. In der Regel sind diese Sch\u00e4den an Kais, Schleusen oder am Schiff selbst auf eine Fehleinsch\u00e4tzung der Geschwindigkeit und der Abmessungen des Schiffes zur\u00fcckzuf\u00fchren. Mit der automatischen Kaikantenerkennung durch Dockscout\u00ae kann dies verhindert werden. Dockscout\u00ae misst die Entfernung des Schiffes von einem Kai oder einer Schleusenwand in Echtzeit. F\u00fcr diese Anwendungen wird jeweils ein Sensor an der Vorder- und R\u00fcckseite des Schiffes angebracht. Auf diese Weise hat der Schiffsf\u00fchrer bei der Einfahrt in die Schleuse sofort ein vollst\u00e4ndiges Bild von den Seiten des Schiffes. Und wenn der Skipper seitw\u00e4rts man\u00f6vriert, ist die Entfernung zum Kai sofort sichtbar, sowohl nach vorne als auch nach hinten. Auf einer Tafel im Steuerhaus liest der Kapit\u00e4n die Entfernungen entlang des Schiffes ab. Einfach gesagt: Sie haben ein lokales Radarbild der gesamten L\u00e4nge und Breite des Schiffes auf den Zentimeter genau. Mit anderen Worten: Es wird kein Matrose am Bug des Schiffes ben\u00f6tigt, der die Entfernung ungef\u00e4hr absch\u00e4tzen kann, sondern ein Sensor, der die Entfernung auf den Zentimeter genau misst.\t\t\t\t\t\t\t\t<\/div>\n\t\t\t\t<\/div>\n\t\t\t\t\t<\/div>\n\t\t<\/div>\n\t\t\t\t<div class=\"elementor-column elementor-col-50 elementor-top-column elementor-element elementor-element-88375f9\" data-id=\"88375f9\" data-element_type=\"column\">\n\t\t\t<div class=\"elementor-widget-wrap elementor-element-populated\">\n\t\t\t\t\t\t<div class=\"elementor-element elementor-element-c70a9c7 elementor-widget elementor-widget-image\" data-id=\"c70a9c7\" data-element_type=\"widget\" data-widget_type=\"image.default\">\n\t\t\t\t<div class=\"elementor-widget-container\">\n\t\t\t\t\t\t\t\t\t\t\t\t\t\t\t\t<a href=\"http:\/\/sensormaritime.com\/wp-content\/uploads\/2022\/12\/Tekengebied-1.png\" data-elementor-open-lightbox=\"yes\" data-e-action-hash=\"#elementor-action%3Aaction%3Dlightbox%26settings%3DeyJpZCI6MzM1MiwidXJsIjpmYWxzZX0%3D\">\n\t\t\t\t\t\t\t<img decoding=\"async\" src=\"http:\/\/sensormaritime.com\/wp-content\/uploads\/2022\/12\/Tekengebied-1.png\" title=\"\" alt=\"\" loading=\"lazy\" \/>\t\t\t\t\t\t\t\t<\/a>\n\t\t\t\t\t\t\t\t\t\t\t\t\t\t\t<\/div>\n\t\t\t\t<\/div>\n\t\t\t\t\t<\/div>\n\t\t<\/div>\n\t\t\t\t\t<\/div>\n\t\t<\/section>\n\t\t\t\t<section class=\"elementor-section elementor-top-section elementor-element elementor-element-da19fa8 elementor-section-boxed elementor-section-height-default elementor-section-height-default\" data-id=\"da19fa8\" data-element_type=\"section\" id=\"nieuwsbrief\" data-settings=\"{&quot;background_background&quot;:&quot;classic&quot;,&quot;jet_parallax_layout_list&quot;:[]}\">\n\t\t\t\t\t\t<div class=\"elementor-container elementor-column-gap-default\">\n\t\t\t\t\t<div class=\"elementor-column elementor-col-100 elementor-top-column elementor-element elementor-element-ca65343\" data-id=\"ca65343\" data-element_type=\"column\">\n\t\t\t<div class=\"elementor-widget-wrap elementor-element-populated\">\n\t\t\t\t\t\t<div class=\"elementor-element elementor-element-097f683 elementor-widget elementor-widget-heading\" data-id=\"097f683\" data-element_type=\"widget\" data-widget_type=\"heading.default\">\n\t\t\t\t<div class=\"elementor-widget-container\">\n\t\t\t\t\t<h5 class=\"elementor-heading-title elementor-size-default\">M\u00f6chten Sie \u00fcber unsere Entwicklungen informiert werden? <\/h5>\t\t\t\t<\/div>\n\t\t\t\t<\/div>\n\t\t\t\t<div class=\"elementor-element elementor-element-f0f30e6 elementor-button-align-stretch elementor-widget elementor-widget-form\" data-id=\"f0f30e6\" data-element_type=\"widget\" data-settings=\"{&quot;button_width&quot;:&quot;20&quot;,&quot;step_next_label&quot;:&quot;Next&quot;,&quot;step_previous_label&quot;:&quot;Previous&quot;,&quot;step_type&quot;:&quot;number_text&quot;,&quot;step_icon_shape&quot;:&quot;circle&quot;}\" data-widget_type=\"form.default\">\n\t\t\t\t<div class=\"elementor-widget-container\">\n\t\t\t\t\t\t\t<form class=\"elementor-form\" method=\"post\" id=\"mailchimp-call2action\" name=\"New Form\" action=\"\">\n\t\t\t<input type=\"hidden\" name=\"post_id\" value=\"3270\"\/>\n\t\t\t<input type=\"hidden\" name=\"form_id\" value=\"f0f30e6\"\/>\n\t\t\t<input type=\"hidden\" name=\"referer_title\" value=\"Sensor Maritime\" \/>\n\n\t\t\t\n\t\t\t<div class=\"elementor-form-fields-wrapper elementor-labels-\">\n\t\t\t\t\t\t\t\t<div class=\"elementor-field-type-email elementor-field-group elementor-column elementor-field-group-email elementor-col-80 elementor-field-required\">\n\t\t\t\t\t\t\t\t\t\t\t\t<label for=\"form-field-email\" class=\"elementor-field-label elementor-screen-only\">\n\t\t\t\t\t\t\t\tE-Mail-Adresse\t\t\t\t\t\t\t<\/label>\n\t\t\t\t\t\t\t\t\t\t\t\t\t\t<input size=\"1\" type=\"email\" name=\"form_fields[email]\" id=\"form-field-email\" class=\"elementor-field elementor-size-sm  elementor-field-textual\" placeholder=\"E-Mail-Adresse\" required=\"required\" aria-required=\"true\">\n\t\t\t\t\t\t\t\t\t\t\t<\/div>\n\t\t\t\t\t\t\t\t<div class=\"elementor-field-group elementor-column elementor-field-type-submit elementor-col-20 e-form__buttons\">\n\t\t\t\t\t<button class=\"elementor-button elementor-size-sm\" type=\"submit\">\n\t\t\t\t\t\t<span class=\"elementor-button-content-wrapper\">\n\t\t\t\t\t\t\t\t\t\t\t\t\t\t\t\t\t\t\t\t\t\t<span class=\"elementor-button-text\">ABONNIEREN<\/span>\n\t\t\t\t\t\t\t\t\t\t\t\t\t<\/span>\n\t\t\t\t\t<\/button>\n\t\t\t\t<\/div>\n\t\t\t<\/div>\n\t\t<input type=\"hidden\" name=\"trp-form-language\" value=\"de\"\/><\/form>\n\t\t\t\t\t\t<\/div>\n\t\t\t\t<\/div>\n\t\t\t\t\t<\/div>\n\t\t<\/div>\n\t\t\t\t\t<\/div>\n\t\t<\/section>\n\t\t\t\t<\/div>","protected":false},"excerpt":{"rendered":"<p>Bald wird unsere neueste L\u00f6sung auf den Markt kommen! M\u00f6chten Sie in der Zwischenzeit \u00fcber die Entwicklungen rund um Dockscout\u00ae auf dem Laufenden bleiben? Melden Sie sich unten f\u00fcr <a href=\"http:\/\/sensormaritime.com\/de\/produkt\/dockscout\/#nieuwsbrief\">unseren Newsletter an<\/a>.<\/p>","protected":false},"featured_media":0,"template":"","meta":{"_acf_changed":false,"site-sidebar-layout":"no-sidebar","site-content-layout":"page-builder","ast-site-content-layout":"","site-content-style":"default","site-sidebar-style":"default","ast-global-header-display":"","ast-banner-title-visibility":"","ast-main-header-display":"","ast-hfb-above-header-display":"","ast-hfb-below-header-display":"","ast-hfb-mobile-header-display":"","site-post-title":"disabled","ast-breadcrumbs-content":"","ast-featured-img":"disabled","footer-sml-layout":"","theme-transparent-header-meta":"default","adv-header-id-meta":"","stick-header-meta":"","header-above-stick-meta":"","header-main-stick-meta":"","header-below-stick-meta":"","astra-migrate-meta-layouts":"default","ast-page-background-enabled":"default","ast-page-background-meta":{"desktop":{"background-color":"","background-image":"","background-repeat":"repeat","background-position":"center center","background-size":"auto","background-attachment":"scroll","background-type":"","background-media":"","overlay-type":"","overlay-color":"","overlay-opacity":"","overlay-gradient":""},"tablet":{"background-color":"","background-image":"","background-repeat":"repeat","background-position":"center center","background-size":"auto","background-attachment":"scroll","background-type":"","background-media":"","overlay-type":"","overlay-color":"","overlay-opacity":"","overlay-gradient":""},"mobile":{"background-color":"","background-image":"","background-repeat":"repeat","background-position":"center center","background-size":"auto","background-attachment":"scroll","background-type":"","background-media":"","overlay-type":"","overlay-color":"","overlay-opacity":"","overlay-gradient":""}},"ast-content-background-meta":{"desktop":{"background-color":"var(--ast-global-color-5)","background-image":"","background-repeat":"repeat","background-position":"center center","background-size":"auto","background-attachment":"scroll","background-type":"","background-media":"","overlay-type":"","overlay-color":"","overlay-opacity":"","overlay-gradient":""},"tablet":{"background-color":"var(--ast-global-color-5)","background-image":"","background-repeat":"repeat","background-position":"center center","background-size":"auto","background-attachment":"scroll","background-type":"","background-media":"","overlay-type":"","overlay-color":"","overlay-opacity":"","overlay-gradient":""},"mobile":{"background-color":"var(--ast-global-color-5)","background-image":"","background-repeat":"repeat","background-position":"center center","background-size":"auto","background-attachment":"scroll","background-type":"","background-media":"","overlay-type":"","overlay-color":"","overlay-opacity":"","overlay-gradient":""}}},"product_cat":[26],"product_tag":[],"class_list":{"0":"post-3270","1":"product","2":"type-product","3":"status-publish","5":"product_cat-sensor-maritime","6":"desktop-align-center","7":"tablet-align-center","8":"mobile-align-center","9":"ast-product-gallery-layout-horizontal","10":"ast-product-gallery-with-no-image","11":"ast-product-tabs-layout-horizontal","13":"first","14":"instock","15":"taxable","16":"shipping-taxable","17":"product-type-simple"},"acf":[],"yoast_head":"<!-- This site is optimized with the Yoast SEO plugin v24.1 - https:\/\/yoast.com\/wordpress\/plugins\/seo\/ -->\n<title>Dockscout\u00ae - Sensor Maritime<\/title>\n<meta name=\"robots\" content=\"index, follow, max-snippet:-1, max-image-preview:large, max-video-preview:-1\" \/>\n<link rel=\"canonical\" href=\"https:\/\/sensormaritime.com\/de\/produkt\/dockscout\/\" \/>\n<meta property=\"og:locale\" content=\"de_DE\" \/>\n<meta property=\"og:type\" content=\"article\" \/>\n<meta property=\"og:title\" content=\"Dockscout\u00ae - Sensor Maritime\" \/>\n<meta property=\"og:description\" content=\"Soon, our newest solution will be launched! Would you like to stay update date on developments around Dockscout\u00ae in the meantime? Sign up for our newsletter here.\" \/>\n<meta property=\"og:url\" content=\"https:\/\/sensormaritime.com\/de\/produkt\/dockscout\/\" \/>\n<meta property=\"og:site_name\" content=\"Sensor Maritime\" \/>\n<meta property=\"article:modified_time\" content=\"2023-01-31T17:20:04+00:00\" \/>\n<meta property=\"og:image\" content=\"http:\/\/sensormaritime.com\/wp-content\/uploads\/2022\/12\/Tekengebied-1.png\" \/>\n<meta name=\"twitter:card\" content=\"summary_large_image\" \/>\n<script type=\"application\/ld+json\" class=\"yoast-schema-graph\">{\"@context\":\"https:\/\/schema.org\",\"@graph\":[{\"@type\":\"WebPage\",\"@id\":\"https:\/\/sensormaritime.com\/nl\/product\/dockscout\/\",\"url\":\"https:\/\/sensormaritime.com\/nl\/product\/dockscout\/\",\"name\":\"Dockscout\u00ae - Sensor Maritime\",\"isPartOf\":{\"@id\":\"http:\/\/sensormaritime.com\/#website\"},\"primaryImageOfPage\":{\"@id\":\"https:\/\/sensormaritime.com\/nl\/product\/dockscout\/#primaryimage\"},\"image\":{\"@id\":\"https:\/\/sensormaritime.com\/nl\/product\/dockscout\/#primaryimage\"},\"thumbnailUrl\":\"http:\/\/sensormaritime.com\/wp-content\/uploads\/2022\/12\/Tekengebied-1.png\",\"datePublished\":\"2022-12-22T09:05:12+00:00\",\"dateModified\":\"2023-01-31T17:20:04+00:00\",\"breadcrumb\":{\"@id\":\"https:\/\/sensormaritime.com\/nl\/product\/dockscout\/#breadcrumb\"},\"inLanguage\":\"de\",\"potentialAction\":[{\"@type\":\"ReadAction\",\"target\":[\"https:\/\/sensormaritime.com\/nl\/product\/dockscout\/\"]}]},{\"@type\":\"ImageObject\",\"inLanguage\":\"de\",\"@id\":\"https:\/\/sensormaritime.com\/nl\/product\/dockscout\/#primaryimage\",\"url\":\"http:\/\/sensormaritime.com\/wp-content\/uploads\/2022\/12\/Tekengebied-1.png\",\"contentUrl\":\"http:\/\/sensormaritime.com\/wp-content\/uploads\/2022\/12\/Tekengebied-1.png\"},{\"@type\":\"BreadcrumbList\",\"@id\":\"https:\/\/sensormaritime.com\/nl\/product\/dockscout\/#breadcrumb\",\"itemListElement\":[{\"@type\":\"ListItem\",\"position\":1,\"name\":\"Home\",\"item\":\"http:\/\/sensormaritime.com\/\"},{\"@type\":\"ListItem\",\"position\":2,\"name\":\"Products\",\"item\":\"https:\/\/sensormaritime.com\/shop\/\"},{\"@type\":\"ListItem\",\"position\":3,\"name\":\"Dockscout\u00ae\"}]},{\"@type\":\"WebSite\",\"@id\":\"http:\/\/sensormaritime.com\/#website\",\"url\":\"http:\/\/sensormaritime.com\/\",\"name\":\"Sensor Maritime\",\"description\":\"\",\"publisher\":{\"@id\":\"http:\/\/sensormaritime.com\/#organization\"},\"potentialAction\":[{\"@type\":\"SearchAction\",\"target\":{\"@type\":\"EntryPoint\",\"urlTemplate\":\"http:\/\/sensormaritime.com\/?s={search_term_string}\"},\"query-input\":{\"@type\":\"PropertyValueSpecification\",\"valueRequired\":true,\"valueName\":\"search_term_string\"}}],\"inLanguage\":\"de\"},{\"@type\":\"Organization\",\"@id\":\"http:\/\/sensormaritime.com\/#organization\",\"name\":\"Sensor Maritime\",\"url\":\"http:\/\/sensormaritime.com\/\",\"logo\":{\"@type\":\"ImageObject\",\"inLanguage\":\"de\",\"@id\":\"http:\/\/sensormaritime.com\/#\/schema\/logo\/image\/\",\"url\":\"http:\/\/sensormaritime.com\/wp-content\/uploads\/2020\/09\/sensormaritime-logo.png\",\"contentUrl\":\"http:\/\/sensormaritime.com\/wp-content\/uploads\/2020\/09\/sensormaritime-logo.png\",\"width\":589,\"height\":50,\"caption\":\"Sensor Maritime\"},\"image\":{\"@id\":\"http:\/\/sensormaritime.com\/#\/schema\/logo\/image\/\"}}]}<\/script>\n<!-- \/ Yoast SEO plugin. -->","yoast_head_json":{"title":"Dockscout\u00ae - Sensor Maritime","robots":{"index":"index","follow":"follow","max-snippet":"max-snippet:-1","max-image-preview":"max-image-preview:large","max-video-preview":"max-video-preview:-1"},"canonical":"https:\/\/sensormaritime.com\/de\/produkt\/dockscout\/","og_locale":"de_DE","og_type":"article","og_title":"Dockscout\u00ae - Sensor Maritime","og_description":"Soon, our newest solution will be launched! Would you like to stay update date on developments around Dockscout\u00ae in the meantime? Sign up for our newsletter here.","og_url":"https:\/\/sensormaritime.com\/de\/produkt\/dockscout\/","og_site_name":"Sensor Maritime","article_modified_time":"2023-01-31T17:20:04+00:00","og_image":[{"url":"http:\/\/sensormaritime.com\/wp-content\/uploads\/2022\/12\/Tekengebied-1.png","type":"","width":"","height":""}],"twitter_card":"summary_large_image","schema":{"@context":"https:\/\/schema.org","@graph":[{"@type":"WebPage","@id":"https:\/\/sensormaritime.com\/nl\/product\/dockscout\/","url":"https:\/\/sensormaritime.com\/nl\/product\/dockscout\/","name":"Dockscout\u00ae - Sensor Maritime","isPartOf":{"@id":"http:\/\/sensormaritime.com\/#website"},"primaryImageOfPage":{"@id":"https:\/\/sensormaritime.com\/nl\/product\/dockscout\/#primaryimage"},"image":{"@id":"https:\/\/sensormaritime.com\/nl\/product\/dockscout\/#primaryimage"},"thumbnailUrl":"http:\/\/sensormaritime.com\/wp-content\/uploads\/2022\/12\/Tekengebied-1.png","datePublished":"2022-12-22T09:05:12+00:00","dateModified":"2023-01-31T17:20:04+00:00","breadcrumb":{"@id":"https:\/\/sensormaritime.com\/nl\/product\/dockscout\/#breadcrumb"},"inLanguage":"de","potentialAction":[{"@type":"ReadAction","target":["https:\/\/sensormaritime.com\/nl\/product\/dockscout\/"]}]},{"@type":"ImageObject","inLanguage":"de","@id":"https:\/\/sensormaritime.com\/nl\/product\/dockscout\/#primaryimage","url":"http:\/\/sensormaritime.com\/wp-content\/uploads\/2022\/12\/Tekengebied-1.png","contentUrl":"http:\/\/sensormaritime.com\/wp-content\/uploads\/2022\/12\/Tekengebied-1.png"},{"@type":"BreadcrumbList","@id":"https:\/\/sensormaritime.com\/nl\/product\/dockscout\/#breadcrumb","itemListElement":[{"@type":"ListItem","position":1,"name":"Home","item":"http:\/\/sensormaritime.com\/"},{"@type":"ListItem","position":2,"name":"Products","item":"https:\/\/sensormaritime.com\/shop\/"},{"@type":"ListItem","position":3,"name":"Dockscout\u00ae"}]},{"@type":"WebSite","@id":"http:\/\/sensormaritime.com\/#website","url":"http:\/\/sensormaritime.com\/","name":"Sensor Maritime","description":"","publisher":{"@id":"http:\/\/sensormaritime.com\/#organization"},"potentialAction":[{"@type":"SearchAction","target":{"@type":"EntryPoint","urlTemplate":"http:\/\/sensormaritime.com\/?s={search_term_string}"},"query-input":{"@type":"PropertyValueSpecification","valueRequired":true,"valueName":"search_term_string"}}],"inLanguage":"de"},{"@type":"Organization","@id":"http:\/\/sensormaritime.com\/#organization","name":"Sensor Maritime","url":"http:\/\/sensormaritime.com\/","logo":{"@type":"ImageObject","inLanguage":"de","@id":"http:\/\/sensormaritime.com\/#\/schema\/logo\/image\/","url":"http:\/\/sensormaritime.com\/wp-content\/uploads\/2020\/09\/sensormaritime-logo.png","contentUrl":"http:\/\/sensormaritime.com\/wp-content\/uploads\/2020\/09\/sensormaritime-logo.png","width":589,"height":50,"caption":"Sensor Maritime"},"image":{"@id":"http:\/\/sensormaritime.com\/#\/schema\/logo\/image\/"}}]}},"_links":{"self":[{"href":"https:\/\/sensormaritime.com\/de\/wp-json\/wp\/v2\/product\/3270","targetHints":{"allow":["GET"]}}],"collection":[{"href":"https:\/\/sensormaritime.com\/de\/wp-json\/wp\/v2\/product"}],"about":[{"href":"https:\/\/sensormaritime.com\/de\/wp-json\/wp\/v2\/types\/product"}],"version-history":[{"count":1,"href":"https:\/\/sensormaritime.com\/de\/wp-json\/wp\/v2\/product\/3270\/revisions"}],"predecessor-version":[{"id":3271,"href":"https:\/\/sensormaritime.com\/de\/wp-json\/wp\/v2\/product\/3270\/revisions\/3271"}],"wp:attachment":[{"href":"https:\/\/sensormaritime.com\/de\/wp-json\/wp\/v2\/media?parent=3270"}],"wp:term":[{"taxonomy":"product_cat","embeddable":true,"href":"https:\/\/sensormaritime.com\/de\/wp-json\/wp\/v2\/product_cat?post=3270"},{"taxonomy":"product_tag","embeddable":true,"href":"https:\/\/sensormaritime.com\/de\/wp-json\/wp\/v2\/product_tag?post=3270"}],"curies":[{"name":"wp","href":"https:\/\/api.w.org\/{rel}","templated":true}]}}